{"id":18396,"date":"2019-09-30T00:21:33","date_gmt":"2019-09-29T21:21:33","guid":{"rendered":"http:\/\/erguntibbialetler.com.tr\/?page_id=18396"},"modified":"2024-08-13T10:11:47","modified_gmt":"2024-08-13T07:11:47","slug":"iletisim","status":"publish","type":"page","link":"https:\/\/erguntibbialetler.com.tr\/sr\/iletisim\/","title":{"rendered":"\u041a\u043e\u043d\u0442\u0430\u043a\u0442"},"content":{"rendered":"<div class=\"vgblk-rw-wrapper limit-wrapper\">\n\t\t<iframe src=\"https:\/\/maps.google.com\/maps?q=EFER+5+SANAY%C4%B0+S%C4%B0TES%C4%B0&#038;iwloc=near&#038;output=embed\" height=\"480\" frameborder=\"0\"><\/iframe>\n\t<h2>Bize<br \/>\n<strong>Ula\u015f\u0131n<\/strong><\/h2>\n<h4>\n\t+90 322 261 61 84 -85\n\t<\/h4>\n\t<p>Telefon<\/p>\n<h4>\n\t+90 0322 261 61 86\n\t<\/h4>\n\t<p>Fax<\/p>\n<h4>\n\tinfo@erguntibbialetler.com.tr\n\t<\/h4>\n<h4>\n\tSEYHAN\/ADANA\/TURKEY\n\t<\/h4>\n\t<p>YE\u015e\u0130LOBA MAH. 46205 SK. EFER 5 SAN.S\u0130TES\u0130 A BLOK NO: 17\/AM KAPI NO :A-1<\/p>\n    Bildirim: Bu i\u00e7erik i\u00e7in bir JavaScript gereklidir.\n        <!-- TODO: Move to Template File. -->\n        <\/div><!-- .vgblk-rw-wrapper -->","protected":false},"excerpt":{"rendered":"<p>Bize Ula\u015f\u0131n +90 322 261 61 84 -85 Telefon +90 0322 261 61 86 Fax info@erguntibbialetler.com.tr SEYHAN\/ADANA\/TURKEY YE\u015e\u0130LOBA MAH. 46205 SK. EFER 5 SAN.S\u0130TES\u0130 A BLOK NO: 17\/AM KAPI NO :A-1 Bildirim: Bu i\u00e7erik i\u00e7in bir JavaScript gereklidir.<\/p>","protected":false},"author":1,"featured_media":0,"parent":0,"menu_order":0,"comment_status":"closed","ping_status":"closed","template":"","meta":{"inline_featured_image":false,"footnotes":""},"class_list":["post-18396","page","type-page","status-publish","hentry"],"yoast_head":"<!-- This site is optimized with the Yoast SEO plugin v26.4 - https:\/\/yoast.com\/wordpress\/plugins\/seo\/ -->\n<title>\u0130leti\u015fim - Erg\u00fcn T\u0131bbi Aletler<\/title>\n<meta name=\"robots\" content=\"index, follow, max-snippet:-1, max-image-preview:large, max-video-preview:-1\" \/>\n<link rel=\"canonical\" href=\"https:\/\/erguntibbialetler.com.tr\/sr\/iletisim\/\" \/>\n<meta property=\"og:locale\" content=\"sr_RS\" \/>\n<meta property=\"og:type\" content=\"article\" \/>\n<meta property=\"og:title\" content=\"\u0130leti\u015fim - Erg\u00fcn T\u0131bbi Aletler\" \/>\n<meta property=\"og:description\" content=\"Bize Ula\u015f\u0131n +90 322 261 61 84 -85 Telefon +90 0322 261 61 86 Fax info@erguntibbialetler.com.tr SEYHAN\/ADANA\/TURKEY YE\u015e\u0130LOBA MAH. 46205 SK. EFER 5 SAN.S\u0130TES\u0130 A BLOK NO: 17\/AM KAPI NO :A-1 Bildirim: Bu i\u00e7erik i\u00e7in bir JavaScript gereklidir.\" \/>\n<meta property=\"og:url\" content=\"https:\/\/erguntibbialetler.com.tr\/sr\/iletisim\/\" \/>\n<meta property=\"og:site_name\" content=\"Erg\u00fcn T\u0131bbi Aletler\" \/>\n<meta property=\"article:modified_time\" content=\"2024-08-13T07:11:47+00:00\" \/>\n<meta name=\"twitter:card\" content=\"summary_large_image\" \/>\n<script type=\"application\/ld+json\" class=\"yoast-schema-graph\">{\"@context\":\"https:\/\/schema.org\",\"@graph\":[{\"@type\":\"WebPage\",\"@id\":\"https:\/\/erguntibbialetler.com.tr\/iletisim\/\",\"url\":\"https:\/\/erguntibbialetler.com.tr\/iletisim\/\",\"name\":\"\u0130leti\u015fim - Erg\u00fcn T\u0131bbi Aletler\",\"isPartOf\":{\"@id\":\"https:\/\/erguntibbialetler.com.tr\/#website\"},\"datePublished\":\"2019-09-29T21:21:33+00:00\",\"dateModified\":\"2024-08-13T07:11:47+00:00\",\"breadcrumb\":{\"@id\":\"https:\/\/erguntibbialetler.com.tr\/iletisim\/#breadcrumb\"},\"inLanguage\":\"sr-RS\",\"potentialAction\":[{\"@type\":\"ReadAction\",\"target\":[\"https:\/\/erguntibbialetler.com.tr\/iletisim\/\"]}]},{\"@type\":\"BreadcrumbList\",\"@id\":\"https:\/\/erguntibbialetler.com.tr\/iletisim\/#breadcrumb\",\"itemListElement\":[{\"@type\":\"ListItem\",\"position\":1,\"name\":\"Ana sayfa\",\"item\":\"https:\/\/erguntibbialetler.com.tr\/\"},{\"@type\":\"ListItem\",\"position\":2,\"name\":\"\u0130leti\u015fim\"}]},{\"@type\":\"WebSite\",\"@id\":\"https:\/\/erguntibbialetler.com.tr\/#website\",\"url\":\"https:\/\/erguntibbialetler.com.tr\/\",\"name\":\"Erg\u00fcn T\u0131bbi Aletler\",\"description\":\"\",\"publisher\":{\"@id\":\"https:\/\/erguntibbialetler.com.tr\/#organization\"},\"potentialAction\":[{\"@type\":\"SearchAction\",\"target\":{\"@type\":\"EntryPoint\",\"urlTemplate\":\"https:\/\/erguntibbialetler.com.tr\/?s={search_term_string}\"},\"query-input\":{\"@type\":\"PropertyValueSpecification\",\"valueRequired\":true,\"valueName\":\"search_term_string\"}}],\"inLanguage\":\"sr-RS\"},{\"@type\":\"Organization\",\"@id\":\"https:\/\/erguntibbialetler.com.tr\/#organization\",\"name\":\"Erg\u00fcn T\u0131bbi Aletler\",\"url\":\"https:\/\/erguntibbialetler.com.tr\/\",\"logo\":{\"@type\":\"ImageObject\",\"inLanguage\":\"sr-RS\",\"@id\":\"https:\/\/erguntibbialetler.com.tr\/#\/schema\/logo\/image\/\",\"url\":\"https:\/\/erguntibbialetler.com.tr\/wp-content\/uploads\/2020\/01\/logo.png\",\"contentUrl\":\"https:\/\/erguntibbialetler.com.tr\/wp-content\/uploads\/2020\/01\/logo.png\",\"width\":600,\"height\":125,\"caption\":\"Erg\u00fcn T\u0131bbi Aletler\"},\"image\":{\"@id\":\"https:\/\/erguntibbialetler.com.tr\/#\/schema\/logo\/image\/\"}}]}<\/script>\n<!-- \/ Yoast SEO plugin. -->","yoast_head_json":{"title":"\u0130leti\u015fim - Erg\u00fcn T\u0131bbi Aletler","robots":{"index":"index","follow":"follow","max-snippet":"max-snippet:-1","max-image-preview":"max-image-preview:large","max-video-preview":"max-video-preview:-1"},"canonical":"https:\/\/erguntibbialetler.com.tr\/sr\/iletisim\/","og_locale":"sr_RS","og_type":"article","og_title":"\u0130leti\u015fim - Erg\u00fcn T\u0131bbi Aletler","og_description":"Bize Ula\u015f\u0131n +90 322 261 61 84 -85 Telefon +90 0322 261 61 86 Fax info@erguntibbialetler.com.tr SEYHAN\/ADANA\/TURKEY YE\u015e\u0130LOBA MAH. 46205 SK. EFER 5 SAN.S\u0130TES\u0130 A BLOK NO: 17\/AM KAPI NO :A-1 Bildirim: Bu i\u00e7erik i\u00e7in bir JavaScript gereklidir.","og_url":"https:\/\/erguntibbialetler.com.tr\/sr\/iletisim\/","og_site_name":"Erg\u00fcn T\u0131bbi Aletler","article_modified_time":"2024-08-13T07:11:47+00:00","twitter_card":"summary_large_image","schema":{"@context":"https:\/\/schema.org","@graph":[{"@type":"WebPage","@id":"https:\/\/erguntibbialetler.com.tr\/iletisim\/","url":"https:\/\/erguntibbialetler.com.tr\/iletisim\/","name":"\u0130leti\u015fim - Erg\u00fcn T\u0131bbi Aletler","isPartOf":{"@id":"https:\/\/erguntibbialetler.com.tr\/#website"},"datePublished":"2019-09-29T21:21:33+00:00","dateModified":"2024-08-13T07:11:47+00:00","breadcrumb":{"@id":"https:\/\/erguntibbialetler.com.tr\/iletisim\/#breadcrumb"},"inLanguage":"sr-RS","potentialAction":[{"@type":"ReadAction","target":["https:\/\/erguntibbialetler.com.tr\/iletisim\/"]}]},{"@type":"BreadcrumbList","@id":"https:\/\/erguntibbialetler.com.tr\/iletisim\/#breadcrumb","itemListElement":[{"@type":"ListItem","position":1,"name":"Ana sayfa","item":"https:\/\/erguntibbialetler.com.tr\/"},{"@type":"ListItem","position":2,"name":"\u0130leti\u015fim"}]},{"@type":"WebSite","@id":"https:\/\/erguntibbialetler.com.tr\/#website","url":"https:\/\/erguntibbialetler.com.tr\/","name":"Erg\u00fcn T\u0131bbi Aletler","description":"","publisher":{"@id":"https:\/\/erguntibbialetler.com.tr\/#organization"},"potentialAction":[{"@type":"SearchAction","target":{"@type":"EntryPoint","urlTemplate":"https:\/\/erguntibbialetler.com.tr\/?s={search_term_string}"},"query-input":{"@type":"PropertyValueSpecification","valueRequired":true,"valueName":"search_term_string"}}],"inLanguage":"sr-RS"},{"@type":"Organization","@id":"https:\/\/erguntibbialetler.com.tr\/#organization","name":"Erg\u00fcn T\u0131bbi Aletler","url":"https:\/\/erguntibbialetler.com.tr\/","logo":{"@type":"ImageObject","inLanguage":"sr-RS","@id":"https:\/\/erguntibbialetler.com.tr\/#\/schema\/logo\/image\/","url":"https:\/\/erguntibbialetler.com.tr\/wp-content\/uploads\/2020\/01\/logo.png","contentUrl":"https:\/\/erguntibbialetler.com.tr\/wp-content\/uploads\/2020\/01\/logo.png","width":600,"height":125,"caption":"Erg\u00fcn T\u0131bbi Aletler"},"image":{"@id":"https:\/\/erguntibbialetler.com.tr\/#\/schema\/logo\/image\/"}}]}},"_links":{"self":[{"href":"https:\/\/erguntibbialetler.com.tr\/sr\/wp-json\/wp\/v2\/pages\/18396","targetHints":{"allow":["GET"]}}],"collection":[{"href":"https:\/\/erguntibbialetler.com.tr\/sr\/wp-json\/wp\/v2\/pages"}],"about":[{"href":"https:\/\/erguntibbialetler.com.tr\/sr\/wp-json\/wp\/v2\/types\/page"}],"author":[{"embeddable":true,"href":"https:\/\/erguntibbialetler.com.tr\/sr\/wp-json\/wp\/v2\/users\/1"}],"replies":[{"embeddable":true,"href":"https:\/\/erguntibbialetler.com.tr\/sr\/wp-json\/wp\/v2\/comments?post=18396"}],"version-history":[{"count":10,"href":"https:\/\/erguntibbialetler.com.tr\/sr\/wp-json\/wp\/v2\/pages\/18396\/revisions"}],"predecessor-version":[{"id":18792,"href":"https:\/\/erguntibbialetler.com.tr\/sr\/wp-json\/wp\/v2\/pages\/18396\/revisions\/18792"}],"wp:attachment":[{"href":"https:\/\/erguntibbialetler.com.tr\/sr\/wp-json\/wp\/v2\/media?parent=18396"}],"curies":[{"name":"wp","href":"https:\/\/api.w.org\/{rel}","templated":true}]}}