{"id":18394,"date":"2019-09-30T00:20:53","date_gmt":"2019-09-29T21:20:53","guid":{"rendered":"http:\/\/erguntibbialetler.com.tr\/?page_id=18394"},"modified":"2025-04-29T22:42:18","modified_gmt":"2025-04-29T19:42:18","slug":"anasayfa","status":"publish","type":"page","link":"https:\/\/erguntibbialetler.com.tr\/sr\/","title":{"rendered":"\u0410\u043d\u0430\u0441\u0430\u0438\u0444\u0430"},"content":{"rendered":"<div class=\"vgblk-rw-wrapper limit-wrapper\">\n<h2>\n\t\u041e \u043d\u0430\u043c\u0430\n\t<\/h2>\n\t<p>\u0415\u0420\u0413\u0423\u041d \u0422\u0131\u0431\u0431\u0438 \u0410\u043b\u0435\u0442\u043b\u0435\u0440 \u0421\u0430\u043d.\u0442\u0438\u0446.\u041b\u0442\u0434.\u0421\u0442\u0438 2000 \u0418\u0131\u043b\u0131\u043d\u0434\u0430 \u043a\u0443\u0440\u0443\u043b\u043c\u0443\u0441 \u043e\u043b\u0443\u043f, \u0432\u0443\u0446\u0443\u0442 \u0434\u0131\u0441\u0131 \u0438\u0446\u0438\u043d \u043c\u0435\u0442\u0430\u043b \u043c\u0430\u043b \u0437\u0435\u043c\u0435\u043b\u0435\u0440\u0434\u0435\u043d \u0438\u043c\u0430\u043b \u0435\u0434\u0438\u043b\u0435\u043d \u0446\u0435\u0440\u0440\u0430\u0445\u0438 \u0435\u043b \u0430\u043b\u0435\u0442\u043b\u0435\u0440\u0438 , \u0438\u043c\u0430\u043b \u0435\u0434\u0438\u043b\u0435\u043d \u0446\u0435\u0440\u0440\u0430\u0445\u0438 \u0435\u043b \u0430\u043b\u0435\u0442\u043b\u0435\u0440\u0438 , \u0441\u0442\u0435\u0440\u0438\u043b\u043d\u0438 \u043a\u043e\u043d\u0442\u0435\u0438\u043d\u0435\u0440 \u0441\u0438\u0441\u0442\u0435\u043c\u043b\u0435\u0440\u0438 \u0438 \u0430\u043a\u0441\u0435\u0441\u0443\u0430\u0440\u0131 \u043a\u0430\u043b\u043b\u0430\u0440\u0131 \u0442\u0430\u0441\u0131\u043c \u0432\u0435 \u043c\u0435\u0434\u0438\u0438 \u0441\u0430\u0442\u0131\u0441 \u0441\u043e\u043d\u0440\u0430\u0441\u0131 \u0445\u0438\u0437\u043c\u0435\u0442\u043b\u0435\u0440\u0438 \u0432\u0435\u0440\u043c\u0435\u043a\u0442\u0435\u0434\u0438\u0440.<\/p>\n<p>\u041d\u0430\u0441\u0442\u0430\u0432\u0459\u0430 \u0441\u0432\u043e\u0458\u0435 \u0430\u043a\u0442\u0438\u0432\u043d\u043e\u0441\u0442\u0438 \u0443 \u0446\u0438\u0459\u0443 \u043a\u043e\u043d\u0442\u0438\u043d\u0443\u0438\u0440\u0430\u043d\u043e\u0433 \u043f\u043e\u0432\u0435\u045b\u0430\u045a\u0430 \u0438 \u0443\u043d\u0430\u043f\u0440\u0435\u0452\u0435\u045a\u0430 \u043a\u0432\u0430\u043b\u0438\u0442\u0435\u0442\u0430 \u043f\u0440\u043e\u0438\u0437\u0432\u043e\u0434\u0430 \u0438 \u0443\u0441\u043b\u0443\u0433\u0430 \u043a\u043e\u0458\u0435 \u043d\u0443\u0434\u0438 \u043a\u0443\u043f\u0446\u0438\u043c\u0430 \u0438 \u043f\u043e\u0432\u0435\u045b\u0430\u045a\u0430 \u0443\u0434\u0435\u043b\u0430 \u0443 \u043f\u0440\u043e\u0434\u0430\u0458\u0438 \u043d\u0430 \u0434\u043e\u043c\u0430\u045b\u0435\u043c \u0438 \u0438\u043d\u043e\u0441\u0442\u0440\u0430\u043d\u043e\u043c \u0442\u0440\u0436\u0438\u0448\u0442\u0443.<\/p>\n<p>ERGU\u0308N T\u0131bbi Aletler San.tic.Ltd.S\u0327ti&#8217; Genel Cerrahi, Plastik Cerrahi, Beyin Cerrahi, u\u0308ro\u00ad loji, Kalp-Damar Cerrahi, Ortopedi, endoskopik Cerrahi, Go\u0308z ve Mikro Cerrahi, K.B.B brans\u0327la\u00ad r\u0131nda cerrahi alet u\u0308retimi, Steril Konteyn\u0131r Sistemlerinin sat\u0131s\u0327 ve pazarlamas\u0131 ile talebe go\u0308re kis\u0327iye o\u0308zel (o\u0308zel u\u0308retim) alet u\u0308retimi gerc\u0327ekles\u0327tirmektedir.<\/p>\n<p>\u041d\u0430\u0448\u0430 \u043a\u043e\u043c\u043f\u0430\u043d\u0438\u0458\u0430 \u0458\u0435 \u043f\u0440\u043e\u0438\u0437\u0432\u0435\u0434\u0435\u043d\u0430 \u0443 \u0441\u043a\u043b\u0430\u0434\u0443 \u0441\u0430 \u0426\u0415 \u0434\u0438\u0440\u0435\u043a\u0442\u0438\u0432\u0430\u043c\u0430, \u0441\u0438\u0440\u043e\u0432\u0438\u043d\u0435 \u0437\u0430 \u0441\u0432\u0435 \u043f\u0440\u043e\u0438\u0437\u0432\u0435\u0434\u0435\u043d\u0435 \u0445\u0438\u0440\u0443\u0440\u0448\u043a\u0435 \u0438\u043d\u0441\u0442\u0440\u0443\u043c\u0435\u043d\u0442\u0435 \u0441\u0443 \u043d\u0435\u043c\u0430\u0447\u043a\u043e\u0433 \u0438 \u0444\u0440\u0430\u043d\u0446\u0443\u0441\u043a\u043e\u0433 \u043f\u043e\u0440\u0435\u043a\u043b\u0430, \u0430 \u043d\u0430\u0448\u0438 \u043f\u0440\u043e\u0438\u0437\u0432\u043e\u0434\u0438 \u0441\u0443 \u043e\u0431\u043b\u0438\u043a\u043e\u0432\u0430\u043d\u0438 \u0441\u0430 100% \u0442\u0443\u0440\u0441\u043a\u043e\u043c \u0438\u0437\u0440\u0430\u0434\u043e\u043c.<\/p>\n<p>\u0423\u0437 \u043f\u043e\u0432\u0435\u0440\u0435\u045a\u0435 \u043a\u043e\u0458\u0435 \u0438\u043c\u0430\u043c\u043e \u0443 \u043d\u0430\u0448 \u0432\u0438\u0441\u043e\u043a \u043a\u0432\u0430\u043b\u0438\u0442\u0435\u0442 \u0438\u0437\u0440\u0430\u0434\u0435, \u043d\u0430\u0448\u0430 \u043a\u043e\u043c\u043f\u0430\u043d\u0438\u0458\u0430 \u0458\u0435 \u043f\u0440\u0435\u0443\u0437\u0435\u043b\u0430 \u0432\u0430\u0436\u0430\u043d \u0437\u0430\u0434\u0430\u0442\u0430\u043a \u043f\u043e\u043f\u0440\u0430\u0432\u043a\u0435 \u0438 \u043e\u0434\u0440\u0436\u0430\u0432\u0430\u045a\u0430 \u0445\u0438\u0440\u0443\u0440\u0448\u043a\u0438\u0445 \u0440\u0443\u0447\u043d\u0438\u0445 \u0430\u043b\u0430\u0442\u0430 \u0443 \u0446\u0438\u0459\u0443 \u0437\u0430\u0448\u0442\u0438\u0442\u0435 \u043d\u0430\u0448\u0435\u0433 \u043d\u0430\u0446\u0438\u043e\u043d\u0430\u043b\u043d\u043e\u0433 \u0431\u043e\u0433\u0430\u0442\u0441\u0442\u0432\u0430. \u0421\u0435\u0440\u0432\u0438\u0441, \u043e\u0434\u0440\u0436\u0430\u0432\u0430\u045a\u0435 \u0438 \u043f\u043e\u043f\u0440\u0430\u0432\u043a\u0430, \u043a\u043e\u0458\u0438 \u0441\u0443 \u043d\u0430\u0458\u0432\u0430\u0436\u043d\u0438\u0458\u0438 \u043f\u0440\u043e\u0431\u043b\u0435\u043c\u0438 \u0441\u0435\u043a\u0442\u043e\u0440\u0430 \u0445\u0438\u0440\u0443\u0440\u0448\u043a\u0438\u0445 \u0438\u043d\u0441\u0442\u0440\u0443\u043c\u0435\u043d\u0430\u0442\u0430, \u043f\u043e\u043a\u0443\u0448\u0430\u0432\u0430\u0458\u0443 \u0434\u0430 \u0440\u0435\u0448\u0435 \u043d\u0430\u0458\u0431\u0440\u0436\u0435, \u043d\u0430\u0458\u0432\u0438\u0448\u0435 \u0438 \u043d\u0430\u0458\u043a\u0432\u0430\u043b\u0438\u0442\u0435\u0442\u043d\u0438\u0458\u0435.<\/p>\n\t\t\t\t\t\t\t<img loading=\"lazy\" decoding=\"async\" width=\"3826\" height=\"2692\" src=\"http:\/\/erguntibbialetler.com.tr\/wp-content\/uploads\/2020\/02\/Kurumsal-3.jpg\" alt=\"\u041e \u043d\u0430\u043c\u0430\" itemprop=\"image\" title=\"\u041e \u043d\u0430\u043c\u0430\" onerror=\"this.style.display='none'\"  sizes=\"auto, (max-width: 768px) 100vw, 100vw\" srcset=\"https:\/\/erguntibbialetler.com.tr\/wp-content\/uploads\/2020\/02\/Kurumsal-3.jpg 3826w, https:\/\/erguntibbialetler.com.tr\/wp-content\/uploads\/2020\/02\/Kurumsal-3-300x211.jpg 300w, https:\/\/erguntibbialetler.com.tr\/wp-content\/uploads\/2020\/02\/Kurumsal-3-768x540.jpg 768w, https:\/\/erguntibbialetler.com.tr\/wp-content\/uploads\/2020\/02\/Kurumsal-3-1024x720.jpg 1024w, https:\/\/erguntibbialetler.com.tr\/wp-content\/uploads\/2020\/02\/Kurumsal-3-1260x887.jpg 1260w, https:\/\/erguntibbialetler.com.tr\/wp-content\/uploads\/2020\/02\/Kurumsal-3-630x443.jpg 630w, https:\/\/erguntibbialetler.com.tr\/wp-content\/uploads\/2020\/02\/Kurumsal-3-420x296.jpg 420w, https:\/\/erguntibbialetler.com.tr\/wp-content\/uploads\/2020\/02\/Kurumsal-3-840x591.jpg 840w, https:\/\/erguntibbialetler.com.tr\/wp-content\/uploads\/2020\/02\/Kurumsal-3-315x222.jpg 315w\" \/>\t\t\t\t\t\t\t\n\t\t\t\t<a href=\"http:\/\/erguntibbialetler.com.tr\/sr\/standart-aletler\/\" target=\"_self\" itemprop=\"url\" title=\"foto-1\">\n\t\t\t\t\t\t\t<img loading=\"lazy\" decoding=\"async\" width=\"400\" height=\"460\" src=\"http:\/\/erguntibbialetler.com.tr\/wp-content\/uploads\/2020\/02\/foto-1.jpg\" alt=\"foto-1\" itemprop=\"image\" data-link-type=\"url\" title=\"foto-1\" onerror=\"this.style.display='none'\"  sizes=\"auto, (max-width: 768px) 100vw, 100vw\" srcset=\"https:\/\/erguntibbialetler.com.tr\/wp-content\/uploads\/2020\/02\/foto-1.jpg 400w, https:\/\/erguntibbialetler.com.tr\/wp-content\/uploads\/2020\/02\/foto-1-261x300.jpg 261w, https:\/\/erguntibbialetler.com.tr\/wp-content\/uploads\/2020\/02\/foto-1-315x362.jpg 315w\" \/>\t\t\t\t\t\t<\/a>\n<h3>\n\t\t\t<a href=\"http:\/\/erguntibbialetler.com.tr\/sr\/standart-aletler\/\" title=\"\u0421\u0442\u0430\u043d\u0434\u0430\u0440\u0434\u043d\u0438 \u0430\u043b\u0430\u0442\u0438\" target=\"_self\">\n\t\u0421\u0442\u0430\u043d\u0434\u0430\u0440\u0434\u043d\u0438 \u0430\u043b\u0430\u0442\u0438\n\t\t\t<\/a>\n\t<\/h3>\n\t\t\t\t<a href=\"http:\/\/erguntibbialetler.com.tr\/sr\/teknik-servis\/\" target=\"_self\" itemprop=\"url\" title=\"foto-2\">\n\t\t\t\t\t\t\t<img loading=\"lazy\" decoding=\"async\" width=\"400\" height=\"460\" src=\"http:\/\/erguntibbialetler.com.tr\/wp-content\/uploads\/2020\/02\/foto-2.jpg\" alt=\"foto-2\" itemprop=\"image\" data-link-type=\"url\" title=\"foto-2\" onerror=\"this.style.display='none'\"  sizes=\"auto, (max-width: 768px) 100vw, 100vw\" srcset=\"https:\/\/erguntibbialetler.com.tr\/wp-content\/uploads\/2020\/02\/foto-2.jpg 400w, https:\/\/erguntibbialetler.com.tr\/wp-content\/uploads\/2020\/02\/foto-2-261x300.jpg 261w, https:\/\/erguntibbialetler.com.tr\/wp-content\/uploads\/2020\/02\/foto-2-315x362.jpg 315w\" \/>\t\t\t\t\t\t<\/a>\n<h3>\n\t\t\t<a href=\"http:\/\/erguntibbialetler.com.tr\/sr\/teknik-servis\/\" title=\"\u0422\u0435\u043a\u043d\u0438\u043a \u0421\u0435\u0440\u0432\u0438\u0441\" target=\"_self\">\n\t\u0422\u0435\u043a\u043d\u0438\u043a \u0421\u0435\u0440\u0432\u0438\u0441\n\t\t\t<\/a>\n\t<\/h3>\n\t\t\t\t<a href=\"http:\/\/erguntibbialetler.com.tr\/sr\/ozel-uretim\/\" target=\"_self\" itemprop=\"url\" title=\"foto-3\">\n\t\t\t\t\t\t\t<img loading=\"lazy\" decoding=\"async\" width=\"400\" height=\"460\" src=\"http:\/\/erguntibbialetler.com.tr\/wp-content\/uploads\/2020\/02\/foto-3.jpg\" alt=\"foto-3\" itemprop=\"image\" data-link-type=\"url\" title=\"foto-3\" onerror=\"this.style.display='none'\"  sizes=\"auto, (max-width: 768px) 100vw, 100vw\" srcset=\"https:\/\/erguntibbialetler.com.tr\/wp-content\/uploads\/2020\/02\/foto-3.jpg 400w, https:\/\/erguntibbialetler.com.tr\/wp-content\/uploads\/2020\/02\/foto-3-261x300.jpg 261w, https:\/\/erguntibbialetler.com.tr\/wp-content\/uploads\/2020\/02\/foto-3-315x362.jpg 315w\" \/>\t\t\t\t\t\t<\/a>\n<h3>\n\t\t\t<a href=\"http:\/\/erguntibbialetler.com.tr\/sr\/ozel-uretim\/\" title=\"\u0421\u043f\u0435\u0446\u0438\u0458\u0430\u043b\u043d\u0430 \u043f\u0440\u043e\u0438\u0437\u0432\u043e\u0434\u045a\u0430\" target=\"_self\">\n\t\u0421\u043f\u0435\u0446\u0438\u0458\u0430\u043b\u043d\u0430 \u043f\u0440\u043e\u0438\u0437\u0432\u043e\u0434\u045a\u0430\n\t\t\t<\/a>\n\t<\/h3>\n\t\t\t\t<a href=\"http:\/\/erguntibbialetler.com.tr\/sr\/konteynirlar\/\" target=\"_self\" itemprop=\"url\" title=\"foto-4\">\n\t\t\t\t\t\t\t<img loading=\"lazy\" decoding=\"async\" width=\"400\" height=\"460\" src=\"http:\/\/erguntibbialetler.com.tr\/wp-content\/uploads\/2020\/02\/foto-4.jpg\" alt=\"foto-4\" itemprop=\"image\" data-link-type=\"url\" title=\"foto-4\" onerror=\"this.style.display='none'\"  sizes=\"auto, (max-width: 768px) 100vw, 100vw\" srcset=\"https:\/\/erguntibbialetler.com.tr\/wp-content\/uploads\/2020\/02\/foto-4.jpg 400w, https:\/\/erguntibbialetler.com.tr\/wp-content\/uploads\/2020\/02\/foto-4-261x300.jpg 261w, https:\/\/erguntibbialetler.com.tr\/wp-content\/uploads\/2020\/02\/foto-4-315x362.jpg 315w\" \/>\t\t\t\t\t\t<\/a>\n<h3>\n\t\t\t<a href=\"http:\/\/erguntibbialetler.com.tr\/sr\/konteynirlar\/\" title=\"\u041a\u043e\u043d\u0442\u0435\u0458\u043d\u0435\u0440\u0438\" target=\"_self\">\n\t\u041a\u043e\u043d\u0442\u0435\u0458\u043d\u0435\u0440\u0438\n\t\t\t<\/a>\n\t<\/h3>\n\t\t\t\t\t\t\t<img loading=\"lazy\" decoding=\"async\" width=\"668\" height=\"800\" src=\"http:\/\/erguntibbialetler.com.tr\/wp-content\/uploads\/2020\/02\/alt-1.jpg\" alt=\"alt-1\" itemprop=\"image\" title=\"alt-1\" onerror=\"this.style.display='none'\"  sizes=\"auto, (max-width: 768px) 100vw, 100vw\" srcset=\"https:\/\/erguntibbialetler.com.tr\/wp-content\/uploads\/2020\/02\/alt-1.jpg 668w, https:\/\/erguntibbialetler.com.tr\/wp-content\/uploads\/2020\/02\/alt-1-251x300.jpg 251w, https:\/\/erguntibbialetler.com.tr\/wp-content\/uploads\/2020\/02\/alt-1-630x754.jpg 630w, https:\/\/erguntibbialetler.com.tr\/wp-content\/uploads\/2020\/02\/alt-1-420x503.jpg 420w, https:\/\/erguntibbialetler.com.tr\/wp-content\/uploads\/2020\/02\/alt-1-315x377.jpg 315w\" \/>\t\t\t\t\t\t\t\n<h3>\n\t\u0418\u0415\u041d\u0418 \u0423\u0420\u0423\u041d\u041b\u0415\u0420\n\t<\/h3>\n\t\t\t\t<a href=\"http:\/\/erguntibbialetler.com.tr\/sr\/e-katalog\/\" target=\"_self\" itemprop=\"url\" title=\"alt-2\">\n\t\t\t\t\t\t\t<img loading=\"lazy\" decoding=\"async\" width=\"668\" height=\"800\" src=\"http:\/\/erguntibbialetler.com.tr\/wp-content\/uploads\/2020\/02\/alt-2.jpg\" alt=\"alt-2\" itemprop=\"image\" data-link-type=\"url\" title=\"alt-2\" onerror=\"this.style.display='none'\"  sizes=\"auto, (max-width: 768px) 100vw, 100vw\" srcset=\"https:\/\/erguntibbialetler.com.tr\/wp-content\/uploads\/2020\/02\/alt-2.jpg 668w, https:\/\/erguntibbialetler.com.tr\/wp-content\/uploads\/2020\/02\/alt-2-251x300.jpg 251w, https:\/\/erguntibbialetler.com.tr\/wp-content\/uploads\/2020\/02\/alt-2-630x754.jpg 630w, https:\/\/erguntibbialetler.com.tr\/wp-content\/uploads\/2020\/02\/alt-2-420x503.jpg 420w, https:\/\/erguntibbialetler.com.tr\/wp-content\/uploads\/2020\/02\/alt-2-315x377.jpg 315w\" \/>\t\t\t\t\t\t<\/a>\n<h3>\n\t\t\t<a href=\"https:\/\/erguntibbialetler.com.tr\/ekatalog\/mobile\/index.html\" title=\"\u0415-\u041a\u0410\u0422\u0410\u041b\u041e\u0413\" target=\"_self\">\n\t\u0415-\u041a\u0410\u0422\u0410\u041b\u041e\u0413\n\t\t\t<\/a>\n\t<\/h3>\n<h3>\n\t\u041d\u0410\u0428\u0418 \u0414\u041e\u041a\u0423\u041c\u0415\u041d\u0422\u0418\n\t<\/h3>\n\t\t\t\t\t\t\t<img loading=\"lazy\" decoding=\"async\" width=\"7414\" height=\"2302\" src=\"https:\/\/erguntibbialetler.com.tr\/wp-content\/uploads\/2020\/02\/Kurumsal-2.jpg\" alt=\"\u041e \u043d\u0430\u043c\u0430\" itemprop=\"image\" title=\"\u041e \u043d\u0430\u043c\u0430\" onerror=\"this.style.display='none'\"  sizes=\"auto, (max-width: 768px) 100vw, 100vw\" srcset=\"https:\/\/erguntibbialetler.com.tr\/wp-content\/uploads\/2020\/02\/Kurumsal-2.jpg 7414w, https:\/\/erguntibbialetler.com.tr\/wp-content\/uploads\/2020\/02\/Kurumsal-2-300x93.jpg 300w, https:\/\/erguntibbialetler.com.tr\/wp-content\/uploads\/2020\/02\/Kurumsal-2-768x238.jpg 768w, https:\/\/erguntibbialetler.com.tr\/wp-content\/uploads\/2020\/02\/Kurumsal-2-1024x318.jpg 1024w, https:\/\/erguntibbialetler.com.tr\/wp-content\/uploads\/2020\/02\/Kurumsal-2-1260x391.jpg 1260w, https:\/\/erguntibbialetler.com.tr\/wp-content\/uploads\/2020\/02\/Kurumsal-2-630x196.jpg 630w, https:\/\/erguntibbialetler.com.tr\/wp-content\/uploads\/2020\/02\/Kurumsal-2-420x130.jpg 420w, https:\/\/erguntibbialetler.com.tr\/wp-content\/uploads\/2020\/02\/Kurumsal-2-840x261.jpg 840w, https:\/\/erguntibbialetler.com.tr\/wp-content\/uploads\/2020\/02\/Kurumsal-2-315x98.jpg 315w\" \/>\t\t\t\t\t\t\t\n\n<\/div><!-- .vgblk-rw-wrapper -->","protected":false},"excerpt":{"rendered":"<p>Hakk\u0131m\u0131zda ERGU\u0308N T\u0131bbi Aletler San.tic.Ltd.S\u0327ti 2000 Y\u0131l\u0131nda kurulmus\u0327 olup, vu\u0308cut d\u0131s\u0327\u0131 ic\u0327in metal mal\u00ad zemelerden imal edilen cerrahi el aletleri , steril konteyner sistemleri ve aksesuarlar\u0131 ve medi\u00ad kal ekipman imalat\u0131 , tasar\u0131m, sat\u0131s\u0327 ve sat\u0131s\u0327 sonras\u0131 hizmetleri vermektedir. Mu\u0308s\u0327terilere sunulan u\u0308ru\u0308n ve hizmet kalitesinin su\u0308rekli arttr\u0131lmas\u0131 ve iyiles\u0327tirilmesi, yurt ic\u0327i ve yurt d\u0131s\u0327\u0131 d\u0131s\u0327\u0131ndaki&#8230;<\/p>","protected":false},"author":1,"featured_media":0,"parent":0,"menu_order":0,"comment_status":"closed","ping_status":"closed","template":"","meta":{"inline_featured_image":false,"footnotes":""},"class_list":["post-18394","page","type-page","status-publish","hentry"],"yoast_head":"<!-- This site is optimized with the Yoast SEO plugin v26.4 - https:\/\/yoast.com\/wordpress\/plugins\/seo\/ -->\n<title>Anasayfa - Erg\u00fcn T\u0131bbi Aletler<\/title>\n<meta name=\"robots\" content=\"index, follow, max-snippet:-1, max-image-preview:large, max-video-preview:-1\" \/>\n<link rel=\"canonical\" href=\"https:\/\/erguntibbialetler.com.tr\/sr\/\" \/>\n<meta property=\"og:locale\" content=\"sr_RS\" \/>\n<meta property=\"og:type\" content=\"article\" \/>\n<meta property=\"og:title\" content=\"Anasayfa - Erg\u00fcn T\u0131bbi Aletler\" \/>\n<meta property=\"og:description\" content=\"Hakk\u0131m\u0131zda ERGU\u0308N T\u0131bbi Aletler San.tic.Ltd.S\u0327ti 2000 Y\u0131l\u0131nda kurulmus\u0327 olup, vu\u0308cut d\u0131s\u0327\u0131 ic\u0327in metal mal\u00ad zemelerden imal edilen cerrahi el aletleri , steril konteyner sistemleri ve aksesuarlar\u0131 ve medi\u00ad kal ekipman imalat\u0131 , tasar\u0131m, sat\u0131s\u0327 ve sat\u0131s\u0327 sonras\u0131 hizmetleri vermektedir. Mu\u0308s\u0327terilere sunulan u\u0308ru\u0308n ve hizmet kalitesinin su\u0308rekli arttr\u0131lmas\u0131 ve iyiles\u0327tirilmesi, yurt ic\u0327i ve yurt d\u0131s\u0327\u0131 d\u0131s\u0327\u0131ndaki...\" \/>\n<meta property=\"og:url\" content=\"https:\/\/erguntibbialetler.com.tr\/sr\/\" \/>\n<meta property=\"og:site_name\" content=\"Erg\u00fcn T\u0131bbi Aletler\" \/>\n<meta property=\"article:modified_time\" content=\"2025-04-29T19:42:18+00:00\" \/>\n<meta property=\"og:image\" content=\"http:\/\/erguntibbialetler.com.tr\/wp-content\/uploads\/2020\/02\/Kurumsal-3.jpg\" \/>\n<meta name=\"twitter:card\" content=\"summary_large_image\" \/>\n<meta name=\"twitter:label1\" content=\"\u041f\u0440\u043e\u0446\u0435\u045a\u0435\u043d\u043e \u0432\u0440\u0435\u043c\u0435 \u0447\u0438\u0442\u0430\u045a\u0430\" \/>\n\t<meta name=\"twitter:data1\" content=\"3 \u043c\u0438\u043d\u0443\u0442\u0430\" \/>\n<script type=\"application\/ld+json\" class=\"yoast-schema-graph\">{\"@context\":\"https:\/\/schema.org\",\"@graph\":[{\"@type\":\"WebPage\",\"@id\":\"https:\/\/erguntibbialetler.com.tr\/\",\"url\":\"https:\/\/erguntibbialetler.com.tr\/\",\"name\":\"Anasayfa - Erg\u00fcn T\u0131bbi Aletler\",\"isPartOf\":{\"@id\":\"https:\/\/erguntibbialetler.com.tr\/#website\"},\"primaryImageOfPage\":{\"@id\":\"https:\/\/erguntibbialetler.com.tr\/#primaryimage\"},\"image\":{\"@id\":\"https:\/\/erguntibbialetler.com.tr\/#primaryimage\"},\"thumbnailUrl\":\"http:\/\/erguntibbialetler.com.tr\/wp-content\/uploads\/2020\/02\/Kurumsal-3.jpg\",\"datePublished\":\"2019-09-29T21:20:53+00:00\",\"dateModified\":\"2025-04-29T19:42:18+00:00\",\"breadcrumb\":{\"@id\":\"https:\/\/erguntibbialetler.com.tr\/#breadcrumb\"},\"inLanguage\":\"sr-RS\",\"potentialAction\":[{\"@type\":\"ReadAction\",\"target\":[\"https:\/\/erguntibbialetler.com.tr\/\"]}]},{\"@type\":\"ImageObject\",\"inLanguage\":\"sr-RS\",\"@id\":\"https:\/\/erguntibbialetler.com.tr\/#primaryimage\",\"url\":\"http:\/\/erguntibbialetler.com.tr\/wp-content\/uploads\/2020\/02\/Kurumsal-3.jpg\",\"contentUrl\":\"http:\/\/erguntibbialetler.com.tr\/wp-content\/uploads\/2020\/02\/Kurumsal-3.jpg\"},{\"@type\":\"BreadcrumbList\",\"@id\":\"https:\/\/erguntibbialetler.com.tr\/#breadcrumb\",\"itemListElement\":[{\"@type\":\"ListItem\",\"position\":1,\"name\":\"Ana sayfa\",\"item\":\"https:\/\/erguntibbialetler.com.tr\/\"},{\"@type\":\"ListItem\",\"position\":2,\"name\":\"Anasayfa\"}]},{\"@type\":\"WebSite\",\"@id\":\"https:\/\/erguntibbialetler.com.tr\/#website\",\"url\":\"https:\/\/erguntibbialetler.com.tr\/\",\"name\":\"Erg\u00fcn T\u0131bbi Aletler\",\"description\":\"\",\"publisher\":{\"@id\":\"https:\/\/erguntibbialetler.com.tr\/#organization\"},\"potentialAction\":[{\"@type\":\"SearchAction\",\"target\":{\"@type\":\"EntryPoint\",\"urlTemplate\":\"https:\/\/erguntibbialetler.com.tr\/?s={search_term_string}\"},\"query-input\":{\"@type\":\"PropertyValueSpecification\",\"valueRequired\":true,\"valueName\":\"search_term_string\"}}],\"inLanguage\":\"sr-RS\"},{\"@type\":\"Organization\",\"@id\":\"https:\/\/erguntibbialetler.com.tr\/#organization\",\"name\":\"Erg\u00fcn T\u0131bbi Aletler\",\"url\":\"https:\/\/erguntibbialetler.com.tr\/\",\"logo\":{\"@type\":\"ImageObject\",\"inLanguage\":\"sr-RS\",\"@id\":\"https:\/\/erguntibbialetler.com.tr\/#\/schema\/logo\/image\/\",\"url\":\"https:\/\/erguntibbialetler.com.tr\/wp-content\/uploads\/2020\/01\/logo.png\",\"contentUrl\":\"https:\/\/erguntibbialetler.com.tr\/wp-content\/uploads\/2020\/01\/logo.png\",\"width\":600,\"height\":125,\"caption\":\"Erg\u00fcn T\u0131bbi Aletler\"},\"image\":{\"@id\":\"https:\/\/erguntibbialetler.com.tr\/#\/schema\/logo\/image\/\"}}]}<\/script>\n<!-- \/ Yoast SEO plugin. -->","yoast_head_json":{"title":"Anasayfa - Erg\u00fcn T\u0131bbi Aletler","robots":{"index":"index","follow":"follow","max-snippet":"max-snippet:-1","max-image-preview":"max-image-preview:large","max-video-preview":"max-video-preview:-1"},"canonical":"https:\/\/erguntibbialetler.com.tr\/sr\/","og_locale":"sr_RS","og_type":"article","og_title":"Anasayfa - Erg\u00fcn T\u0131bbi Aletler","og_description":"Hakk\u0131m\u0131zda ERGU\u0308N T\u0131bbi Aletler San.tic.Ltd.S\u0327ti 2000 Y\u0131l\u0131nda kurulmus\u0327 olup, vu\u0308cut d\u0131s\u0327\u0131 ic\u0327in metal mal\u00ad zemelerden imal edilen cerrahi el aletleri , steril konteyner sistemleri ve aksesuarlar\u0131 ve medi\u00ad kal ekipman imalat\u0131 , tasar\u0131m, sat\u0131s\u0327 ve sat\u0131s\u0327 sonras\u0131 hizmetleri vermektedir. Mu\u0308s\u0327terilere sunulan u\u0308ru\u0308n ve hizmet kalitesinin su\u0308rekli arttr\u0131lmas\u0131 ve iyiles\u0327tirilmesi, yurt ic\u0327i ve yurt d\u0131s\u0327\u0131 d\u0131s\u0327\u0131ndaki...","og_url":"https:\/\/erguntibbialetler.com.tr\/sr\/","og_site_name":"Erg\u00fcn T\u0131bbi Aletler","article_modified_time":"2025-04-29T19:42:18+00:00","og_image":[{"url":"http:\/\/erguntibbialetler.com.tr\/wp-content\/uploads\/2020\/02\/Kurumsal-3.jpg","type":"","width":"","height":""}],"twitter_card":"summary_large_image","twitter_misc":{"\u041f\u0440\u043e\u0446\u0435\u045a\u0435\u043d\u043e \u0432\u0440\u0435\u043c\u0435 \u0447\u0438\u0442\u0430\u045a\u0430":"3 \u043c\u0438\u043d\u0443\u0442\u0430"},"schema":{"@context":"https:\/\/schema.org","@graph":[{"@type":"WebPage","@id":"https:\/\/erguntibbialetler.com.tr\/","url":"https:\/\/erguntibbialetler.com.tr\/","name":"Anasayfa - Erg\u00fcn T\u0131bbi Aletler","isPartOf":{"@id":"https:\/\/erguntibbialetler.com.tr\/#website"},"primaryImageOfPage":{"@id":"https:\/\/erguntibbialetler.com.tr\/#primaryimage"},"image":{"@id":"https:\/\/erguntibbialetler.com.tr\/#primaryimage"},"thumbnailUrl":"http:\/\/erguntibbialetler.com.tr\/wp-content\/uploads\/2020\/02\/Kurumsal-3.jpg","datePublished":"2019-09-29T21:20:53+00:00","dateModified":"2025-04-29T19:42:18+00:00","breadcrumb":{"@id":"https:\/\/erguntibbialetler.com.tr\/#breadcrumb"},"inLanguage":"sr-RS","potentialAction":[{"@type":"ReadAction","target":["https:\/\/erguntibbialetler.com.tr\/"]}]},{"@type":"ImageObject","inLanguage":"sr-RS","@id":"https:\/\/erguntibbialetler.com.tr\/#primaryimage","url":"http:\/\/erguntibbialetler.com.tr\/wp-content\/uploads\/2020\/02\/Kurumsal-3.jpg","contentUrl":"http:\/\/erguntibbialetler.com.tr\/wp-content\/uploads\/2020\/02\/Kurumsal-3.jpg"},{"@type":"BreadcrumbList","@id":"https:\/\/erguntibbialetler.com.tr\/#breadcrumb","itemListElement":[{"@type":"ListItem","position":1,"name":"Ana sayfa","item":"https:\/\/erguntibbialetler.com.tr\/"},{"@type":"ListItem","position":2,"name":"Anasayfa"}]},{"@type":"WebSite","@id":"https:\/\/erguntibbialetler.com.tr\/#website","url":"https:\/\/erguntibbialetler.com.tr\/","name":"Erg\u00fcn T\u0131bbi Aletler","description":"","publisher":{"@id":"https:\/\/erguntibbialetler.com.tr\/#organization"},"potentialAction":[{"@type":"SearchAction","target":{"@type":"EntryPoint","urlTemplate":"https:\/\/erguntibbialetler.com.tr\/?s={search_term_string}"},"query-input":{"@type":"PropertyValueSpecification","valueRequired":true,"valueName":"search_term_string"}}],"inLanguage":"sr-RS"},{"@type":"Organization","@id":"https:\/\/erguntibbialetler.com.tr\/#organization","name":"Erg\u00fcn T\u0131bbi Aletler","url":"https:\/\/erguntibbialetler.com.tr\/","logo":{"@type":"ImageObject","inLanguage":"sr-RS","@id":"https:\/\/erguntibbialetler.com.tr\/#\/schema\/logo\/image\/","url":"https:\/\/erguntibbialetler.com.tr\/wp-content\/uploads\/2020\/01\/logo.png","contentUrl":"https:\/\/erguntibbialetler.com.tr\/wp-content\/uploads\/2020\/01\/logo.png","width":600,"height":125,"caption":"Erg\u00fcn T\u0131bbi Aletler"},"image":{"@id":"https:\/\/erguntibbialetler.com.tr\/#\/schema\/logo\/image\/"}}]}},"_links":{"self":[{"href":"https:\/\/erguntibbialetler.com.tr\/sr\/wp-json\/wp\/v2\/pages\/18394","targetHints":{"allow":["GET"]}}],"collection":[{"href":"https:\/\/erguntibbialetler.com.tr\/sr\/wp-json\/wp\/v2\/pages"}],"about":[{"href":"https:\/\/erguntibbialetler.com.tr\/sr\/wp-json\/wp\/v2\/types\/page"}],"author":[{"embeddable":true,"href":"https:\/\/erguntibbialetler.com.tr\/sr\/wp-json\/wp\/v2\/users\/1"}],"replies":[{"embeddable":true,"href":"https:\/\/erguntibbialetler.com.tr\/sr\/wp-json\/wp\/v2\/comments?post=18394"}],"version-history":[{"count":20,"href":"https:\/\/erguntibbialetler.com.tr\/sr\/wp-json\/wp\/v2\/pages\/18394\/revisions"}],"predecessor-version":[{"id":18857,"href":"https:\/\/erguntibbialetler.com.tr\/sr\/wp-json\/wp\/v2\/pages\/18394\/revisions\/18857"}],"wp:attachment":[{"href":"https:\/\/erguntibbialetler.com.tr\/sr\/wp-json\/wp\/v2\/media?parent=18394"}],"curies":[{"name":"wp","href":"https:\/\/api.w.org\/{rel}","templated":true}]}}