{"id":18648,"date":"2020-02-17T23:24:08","date_gmt":"2020-02-17T20:24:08","guid":{"rendered":"http:\/\/erguntibbialetler.com.tr\/?page_id=18648"},"modified":"2020-02-17T23:24:09","modified_gmt":"2020-02-17T20:24:09","slug":"konteynirlar","status":"publish","type":"page","link":"https:\/\/erguntibbialetler.com.tr\/en\/konteynirlar\/","title":{"rendered":"Containers"},"content":{"rendered":"<div class=\"vgblk-rw-wrapper limit-wrapper\"><\/div><!-- .vgblk-rw-wrapper -->","protected":false},"excerpt":{"rendered":"","protected":false},"author":1,"featured_media":0,"parent":0,"menu_order":0,"comment_status":"closed","ping_status":"closed","template":"","meta":{"inline_featured_image":false,"footnotes":""},"class_list":["post-18648","page","type-page","status-publish","hentry"],"yoast_head":"<!-- This site is optimized with the Yoast SEO plugin v26.4 - https:\/\/yoast.com\/wordpress\/plugins\/seo\/ -->\n<title>Konteyn\u0131rlar - Erg\u00fcn T\u0131bbi Aletler<\/title>\n<meta name=\"robots\" content=\"index, follow, max-snippet:-1, max-image-preview:large, max-video-preview:-1\" \/>\n<link rel=\"canonical\" href=\"https:\/\/erguntibbialetler.com.tr\/en\/konteynirlar\/\" \/>\n<meta property=\"og:locale\" content=\"en_US\" \/>\n<meta property=\"og:type\" content=\"article\" \/>\n<meta property=\"og:title\" content=\"Konteyn\u0131rlar - Erg\u00fcn T\u0131bbi Aletler\" \/>\n<meta property=\"og:url\" content=\"https:\/\/erguntibbialetler.com.tr\/en\/konteynirlar\/\" \/>\n<meta property=\"og:site_name\" content=\"Erg\u00fcn T\u0131bbi Aletler\" \/>\n<meta property=\"article:modified_time\" content=\"2020-02-17T20:24:09+00:00\" \/>\n<meta name=\"twitter:card\" content=\"summary_large_image\" \/>\n<script type=\"application\/ld+json\" class=\"yoast-schema-graph\">{\"@context\":\"https:\/\/schema.org\",\"@graph\":[{\"@type\":\"WebPage\",\"@id\":\"https:\/\/erguntibbialetler.com.tr\/konteynirlar\/\",\"url\":\"https:\/\/erguntibbialetler.com.tr\/konteynirlar\/\",\"name\":\"Konteyn\u0131rlar - Erg\u00fcn T\u0131bbi Aletler\",\"isPartOf\":{\"@id\":\"https:\/\/erguntibbialetler.com.tr\/#website\"},\"datePublished\":\"2020-02-17T20:24:08+00:00\",\"dateModified\":\"2020-02-17T20:24:09+00:00\",\"breadcrumb\":{\"@id\":\"https:\/\/erguntibbialetler.com.tr\/konteynirlar\/#breadcrumb\"},\"inLanguage\":\"en-US\",\"potentialAction\":[{\"@type\":\"ReadAction\",\"target\":[\"https:\/\/erguntibbialetler.com.tr\/konteynirlar\/\"]}]},{\"@type\":\"BreadcrumbList\",\"@id\":\"https:\/\/erguntibbialetler.com.tr\/konteynirlar\/#breadcrumb\",\"itemListElement\":[{\"@type\":\"ListItem\",\"position\":1,\"name\":\"Ana sayfa\",\"item\":\"https:\/\/erguntibbialetler.com.tr\/\"},{\"@type\":\"ListItem\",\"position\":2,\"name\":\"Konteyn\u0131rlar\"}]},{\"@type\":\"WebSite\",\"@id\":\"https:\/\/erguntibbialetler.com.tr\/#website\",\"url\":\"https:\/\/erguntibbialetler.com.tr\/\",\"name\":\"Erg\u00fcn T\u0131bbi Aletler\",\"description\":\"\",\"publisher\":{\"@id\":\"https:\/\/erguntibbialetler.com.tr\/#organization\"},\"potentialAction\":[{\"@type\":\"SearchAction\",\"target\":{\"@type\":\"EntryPoint\",\"urlTemplate\":\"https:\/\/erguntibbialetler.com.tr\/?s={search_term_string}\"},\"query-input\":{\"@type\":\"PropertyValueSpecification\",\"valueRequired\":true,\"valueName\":\"search_term_string\"}}],\"inLanguage\":\"en-US\"},{\"@type\":\"Organization\",\"@id\":\"https:\/\/erguntibbialetler.com.tr\/#organization\",\"name\":\"Erg\u00fcn T\u0131bbi Aletler\",\"url\":\"https:\/\/erguntibbialetler.com.tr\/\",\"logo\":{\"@type\":\"ImageObject\",\"inLanguage\":\"en-US\",\"@id\":\"https:\/\/erguntibbialetler.com.tr\/#\/schema\/logo\/image\/\",\"url\":\"https:\/\/erguntibbialetler.com.tr\/wp-content\/uploads\/2020\/01\/logo.png\",\"contentUrl\":\"https:\/\/erguntibbialetler.com.tr\/wp-content\/uploads\/2020\/01\/logo.png\",\"width\":600,\"height\":125,\"caption\":\"Erg\u00fcn T\u0131bbi Aletler\"},\"image\":{\"@id\":\"https:\/\/erguntibbialetler.com.tr\/#\/schema\/logo\/image\/\"}}]}<\/script>\n<!-- \/ Yoast SEO plugin. -->","yoast_head_json":{"title":"Konteyn\u0131rlar - Erg\u00fcn T\u0131bbi Aletler","robots":{"index":"index","follow":"follow","max-snippet":"max-snippet:-1","max-image-preview":"max-image-preview:large","max-video-preview":"max-video-preview:-1"},"canonical":"https:\/\/erguntibbialetler.com.tr\/en\/konteynirlar\/","og_locale":"en_US","og_type":"article","og_title":"Konteyn\u0131rlar - Erg\u00fcn T\u0131bbi Aletler","og_url":"https:\/\/erguntibbialetler.com.tr\/en\/konteynirlar\/","og_site_name":"Erg\u00fcn T\u0131bbi Aletler","article_modified_time":"2020-02-17T20:24:09+00:00","twitter_card":"summary_large_image","schema":{"@context":"https:\/\/schema.org","@graph":[{"@type":"WebPage","@id":"https:\/\/erguntibbialetler.com.tr\/konteynirlar\/","url":"https:\/\/erguntibbialetler.com.tr\/konteynirlar\/","name":"Konteyn\u0131rlar - Erg\u00fcn T\u0131bbi Aletler","isPartOf":{"@id":"https:\/\/erguntibbialetler.com.tr\/#website"},"datePublished":"2020-02-17T20:24:08+00:00","dateModified":"2020-02-17T20:24:09+00:00","breadcrumb":{"@id":"https:\/\/erguntibbialetler.com.tr\/konteynirlar\/#breadcrumb"},"inLanguage":"en-US","potentialAction":[{"@type":"ReadAction","target":["https:\/\/erguntibbialetler.com.tr\/konteynirlar\/"]}]},{"@type":"BreadcrumbList","@id":"https:\/\/erguntibbialetler.com.tr\/konteynirlar\/#breadcrumb","itemListElement":[{"@type":"ListItem","position":1,"name":"Ana sayfa","item":"https:\/\/erguntibbialetler.com.tr\/"},{"@type":"ListItem","position":2,"name":"Konteyn\u0131rlar"}]},{"@type":"WebSite","@id":"https:\/\/erguntibbialetler.com.tr\/#website","url":"https:\/\/erguntibbialetler.com.tr\/","name":"Erg\u00fcn T\u0131bbi Aletler","description":"","publisher":{"@id":"https:\/\/erguntibbialetler.com.tr\/#organization"},"potentialAction":[{"@type":"SearchAction","target":{"@type":"EntryPoint","urlTemplate":"https:\/\/erguntibbialetler.com.tr\/?s={search_term_string}"},"query-input":{"@type":"PropertyValueSpecification","valueRequired":true,"valueName":"search_term_string"}}],"inLanguage":"en-US"},{"@type":"Organization","@id":"https:\/\/erguntibbialetler.com.tr\/#organization","name":"Erg\u00fcn T\u0131bbi Aletler","url":"https:\/\/erguntibbialetler.com.tr\/","logo":{"@type":"ImageObject","inLanguage":"en-US","@id":"https:\/\/erguntibbialetler.com.tr\/#\/schema\/logo\/image\/","url":"https:\/\/erguntibbialetler.com.tr\/wp-content\/uploads\/2020\/01\/logo.png","contentUrl":"https:\/\/erguntibbialetler.com.tr\/wp-content\/uploads\/2020\/01\/logo.png","width":600,"height":125,"caption":"Erg\u00fcn T\u0131bbi Aletler"},"image":{"@id":"https:\/\/erguntibbialetler.com.tr\/#\/schema\/logo\/image\/"}}]}},"_links":{"self":[{"href":"https:\/\/erguntibbialetler.com.tr\/en\/wp-json\/wp\/v2\/pages\/18648","targetHints":{"allow":["GET"]}}],"collection":[{"href":"https:\/\/erguntibbialetler.com.tr\/en\/wp-json\/wp\/v2\/pages"}],"about":[{"href":"https:\/\/erguntibbialetler.com.tr\/en\/wp-json\/wp\/v2\/types\/page"}],"author":[{"embeddable":true,"href":"https:\/\/erguntibbialetler.com.tr\/en\/wp-json\/wp\/v2\/users\/1"}],"replies":[{"embeddable":true,"href":"https:\/\/erguntibbialetler.com.tr\/en\/wp-json\/wp\/v2\/comments?post=18648"}],"version-history":[{"count":1,"href":"https:\/\/erguntibbialetler.com.tr\/en\/wp-json\/wp\/v2\/pages\/18648\/revisions"}],"predecessor-version":[{"id":18649,"href":"https:\/\/erguntibbialetler.com.tr\/en\/wp-json\/wp\/v2\/pages\/18648\/revisions\/18649"}],"wp:attachment":[{"href":"https:\/\/erguntibbialetler.com.tr\/en\/wp-json\/wp\/v2\/media?parent=18648"}],"curies":[{"name":"wp","href":"https:\/\/api.w.org\/{rel}","templated":true}]}}