{"id":18394,"date":"2019-09-30T00:20:53","date_gmt":"2019-09-29T21:20:53","guid":{"rendered":"http:\/\/erguntibbialetler.com.tr\/?page_id=18394"},"modified":"2025-04-29T22:42:18","modified_gmt":"2025-04-29T19:42:18","slug":"anasayfa","status":"publish","type":"page","link":"https:\/\/erguntibbialetler.com.tr\/en\/","title":{"rendered":"Home"},"content":{"rendered":"<div class=\"vgblk-rw-wrapper limit-wrapper\">\n<h2>\n\tAbout Us\n\t<\/h2>\n\t<p>ERG\u00dcN T\u0131bbi Aletler San.tic.Ltd.\u015eti was established in 2000 and provides manufacturing, design, sales and after-sales services of surgical hand tools, sterile container systems and accessories and medi kal equipment made of metal goods for external body.<\/p>\n<p>It continues its activities with the aim of continuously increasing and improving the quality of products and services offered to customers and increasing its sales share in domestic and foreign markets.<\/p>\n<p>ERGU\u0308N T\u0131bbi Aletler San.tic.Ltd.S\u0327ti&#8217; Genel Cerrahi, Plastik Cerrahi, Beyin Cerrahi, u\u0308ro\u00ad loji, Kalp-Damar Cerrahi, Ortopedi, endoskopik Cerrahi, Go\u0308z ve Mikro Cerrahi, K.B.B brans\u0327la\u00ad r\u0131nda cerrahi alet u\u0308retimi, Steril Konteyn\u0131r Sistemlerinin sat\u0131s\u0327 ve pazarlamas\u0131 ile talebe go\u0308re kis\u0327iye o\u0308zel (o\u0308zel u\u0308retim) alet u\u0308retimi gerc\u0327ekles\u0327tirmektedir.<\/p>\n<p>Our company is manufactured in accordance with CE directives, the raw materials of all manufactured surgical instruments are of German and French origin, and our products are shaped with 100% Turkish workmanship.<\/p>\n<p>With the confidence we have in our high quality of workmanship, our company has undertaken an important task to repair and maintain surgical hand tools in order to protect our national wealth. Service, maintenance and repair, which are the most important problems of the surgical instruments sector, are trying to solve the fastest, highest and highest quality level.<\/p>\n\t\t\t\t\t\t\t<img loading=\"lazy\" decoding=\"async\" width=\"3826\" height=\"2692\" src=\"http:\/\/erguntibbialetler.com.tr\/wp-content\/uploads\/2020\/02\/Kurumsal-3.jpg\" alt=\"About Us\" itemprop=\"image\" title=\"About Us\" onerror=\"this.style.display='none'\"  sizes=\"auto, (max-width: 768px) 100vw, 100vw\" srcset=\"https:\/\/erguntibbialetler.com.tr\/wp-content\/uploads\/2020\/02\/Kurumsal-3.jpg 3826w, https:\/\/erguntibbialetler.com.tr\/wp-content\/uploads\/2020\/02\/Kurumsal-3-300x211.jpg 300w, https:\/\/erguntibbialetler.com.tr\/wp-content\/uploads\/2020\/02\/Kurumsal-3-768x540.jpg 768w, https:\/\/erguntibbialetler.com.tr\/wp-content\/uploads\/2020\/02\/Kurumsal-3-1024x720.jpg 1024w, https:\/\/erguntibbialetler.com.tr\/wp-content\/uploads\/2020\/02\/Kurumsal-3-1260x887.jpg 1260w, https:\/\/erguntibbialetler.com.tr\/wp-content\/uploads\/2020\/02\/Kurumsal-3-630x443.jpg 630w, https:\/\/erguntibbialetler.com.tr\/wp-content\/uploads\/2020\/02\/Kurumsal-3-420x296.jpg 420w, https:\/\/erguntibbialetler.com.tr\/wp-content\/uploads\/2020\/02\/Kurumsal-3-840x591.jpg 840w, https:\/\/erguntibbialetler.com.tr\/wp-content\/uploads\/2020\/02\/Kurumsal-3-315x222.jpg 315w\" \/>\t\t\t\t\t\t\t\n\t\t\t\t<a href=\"http:\/\/erguntibbialetler.com.tr\/en\/standart-aletler\/\" target=\"_self\" itemprop=\"url\" title=\"http:\/\/erguntibbialetler.com.tr\/wp-content\/uploads\/2020\/02\/foto-1.jpg\">\n\t\t\t\t\t\t\t<img loading=\"lazy\" decoding=\"async\" width=\"400\" height=\"460\" src=\"http:\/\/erguntibbialetler.com.tr\/wp-content\/uploads\/2020\/02\/foto-1.jpg\" alt=\"http:\/\/erguntibbialetler.com.tr\/wp-content\/uploads\/2020\/02\/foto-1.jpg\" itemprop=\"image\" data-link-type=\"url\" title=\"http:\/\/erguntibbialetler.com.tr\/wp-content\/uploads\/2020\/02\/foto-1.jpg\" onerror=\"this.style.display='none'\"  sizes=\"auto, (max-width: 768px) 100vw, 100vw\" srcset=\"https:\/\/erguntibbialetler.com.tr\/wp-content\/uploads\/2020\/02\/foto-1.jpg 400w, https:\/\/erguntibbialetler.com.tr\/wp-content\/uploads\/2020\/02\/foto-1-261x300.jpg 261w, https:\/\/erguntibbialetler.com.tr\/wp-content\/uploads\/2020\/02\/foto-1-315x362.jpg 315w\" \/>\t\t\t\t\t\t<\/a>\n<h3>\n\t\t\t<a href=\"http:\/\/erguntibbialetler.com.tr\/en\/standart-aletler\/\" title=\"Standard Tools\" target=\"_self\">\n\tStandard Tools\n\t\t\t<\/a>\n\t<\/h3>\n\t\t\t\t<a href=\"http:\/\/erguntibbialetler.com.tr\/en\/teknik-servis\/\" target=\"_self\" itemprop=\"url\" title=\"foto-2\">\n\t\t\t\t\t\t\t<img loading=\"lazy\" decoding=\"async\" width=\"400\" height=\"460\" src=\"http:\/\/erguntibbialetler.com.tr\/wp-content\/uploads\/2020\/02\/foto-2.jpg\" alt=\"foto-2\" itemprop=\"image\" data-link-type=\"url\" title=\"foto-2\" onerror=\"this.style.display='none'\"  sizes=\"auto, (max-width: 768px) 100vw, 100vw\" srcset=\"https:\/\/erguntibbialetler.com.tr\/wp-content\/uploads\/2020\/02\/foto-2.jpg 400w, https:\/\/erguntibbialetler.com.tr\/wp-content\/uploads\/2020\/02\/foto-2-261x300.jpg 261w, https:\/\/erguntibbialetler.com.tr\/wp-content\/uploads\/2020\/02\/foto-2-315x362.jpg 315w\" \/>\t\t\t\t\t\t<\/a>\n<h3>\n\t\t\t<a href=\"http:\/\/erguntibbialetler.com.tr\/en\/teknik-servis\/\" title=\"Technical Service\" target=\"_self\">\n\tTechnical Service\n\t\t\t<\/a>\n\t<\/h3>\n\t\t\t\t<a href=\"http:\/\/erguntibbialetler.com.tr\/en\/ozel-uretim\/\" target=\"_self\" itemprop=\"url\" title=\"foto-3\">\n\t\t\t\t\t\t\t<img loading=\"lazy\" decoding=\"async\" width=\"400\" height=\"460\" src=\"http:\/\/erguntibbialetler.com.tr\/wp-content\/uploads\/2020\/02\/foto-3.jpg\" alt=\"foto-3\" itemprop=\"image\" data-link-type=\"url\" title=\"foto-3\" onerror=\"this.style.display='none'\"  sizes=\"auto, (max-width: 768px) 100vw, 100vw\" srcset=\"https:\/\/erguntibbialetler.com.tr\/wp-content\/uploads\/2020\/02\/foto-3.jpg 400w, https:\/\/erguntibbialetler.com.tr\/wp-content\/uploads\/2020\/02\/foto-3-261x300.jpg 261w, https:\/\/erguntibbialetler.com.tr\/wp-content\/uploads\/2020\/02\/foto-3-315x362.jpg 315w\" \/>\t\t\t\t\t\t<\/a>\n<h3>\n\t\t\t<a href=\"http:\/\/erguntibbialetler.com.tr\/en\/ozel-uretim\/\" title=\"Special Production\" target=\"_self\">\n\tSpecial Production\n\t\t\t<\/a>\n\t<\/h3>\n\t\t\t\t<a href=\"http:\/\/erguntibbialetler.com.tr\/en\/konteynirlar\/\" target=\"_self\" itemprop=\"url\" title=\"foto-4\">\n\t\t\t\t\t\t\t<img loading=\"lazy\" decoding=\"async\" width=\"400\" height=\"460\" src=\"http:\/\/erguntibbialetler.com.tr\/wp-content\/uploads\/2020\/02\/foto-4.jpg\" alt=\"foto-4\" itemprop=\"image\" data-link-type=\"url\" title=\"foto-4\" onerror=\"this.style.display='none'\"  sizes=\"auto, (max-width: 768px) 100vw, 100vw\" srcset=\"https:\/\/erguntibbialetler.com.tr\/wp-content\/uploads\/2020\/02\/foto-4.jpg 400w, https:\/\/erguntibbialetler.com.tr\/wp-content\/uploads\/2020\/02\/foto-4-261x300.jpg 261w, https:\/\/erguntibbialetler.com.tr\/wp-content\/uploads\/2020\/02\/foto-4-315x362.jpg 315w\" \/>\t\t\t\t\t\t<\/a>\n<h3>\n\t\t\t<a href=\"http:\/\/erguntibbialetler.com.tr\/en\/konteynirlar\/\" title=\"Containers\" target=\"_self\">\n\tContainers\n\t\t\t<\/a>\n\t<\/h3>\n\t\t\t\t\t\t\t<img loading=\"lazy\" decoding=\"async\" width=\"668\" height=\"800\" src=\"http:\/\/erguntibbialetler.com.tr\/wp-content\/uploads\/2020\/02\/alt-1.jpg\" alt=\"alt-1\" itemprop=\"image\" title=\"alt-1\" onerror=\"this.style.display='none'\"  sizes=\"auto, (max-width: 768px) 100vw, 100vw\" srcset=\"https:\/\/erguntibbialetler.com.tr\/wp-content\/uploads\/2020\/02\/alt-1.jpg 668w, https:\/\/erguntibbialetler.com.tr\/wp-content\/uploads\/2020\/02\/alt-1-251x300.jpg 251w, https:\/\/erguntibbialetler.com.tr\/wp-content\/uploads\/2020\/02\/alt-1-630x754.jpg 630w, https:\/\/erguntibbialetler.com.tr\/wp-content\/uploads\/2020\/02\/alt-1-420x503.jpg 420w, https:\/\/erguntibbialetler.com.tr\/wp-content\/uploads\/2020\/02\/alt-1-315x377.jpg 315w\" \/>\t\t\t\t\t\t\t\n<h3>\n\tNEW PRODUCTS\n\t<\/h3>\n\t\t\t\t<a href=\"http:\/\/erguntibbialetler.com.tr\/en\/e-katalog\/\" target=\"_self\" itemprop=\"url\" title=\"alt-2\">\n\t\t\t\t\t\t\t<img loading=\"lazy\" decoding=\"async\" width=\"668\" height=\"800\" src=\"http:\/\/erguntibbialetler.com.tr\/wp-content\/uploads\/2020\/02\/alt-2.jpg\" alt=\"alt-2\" itemprop=\"image\" data-link-type=\"url\" title=\"alt-2\" onerror=\"this.style.display='none'\"  sizes=\"auto, (max-width: 768px) 100vw, 100vw\" srcset=\"https:\/\/erguntibbialetler.com.tr\/wp-content\/uploads\/2020\/02\/alt-2.jpg 668w, https:\/\/erguntibbialetler.com.tr\/wp-content\/uploads\/2020\/02\/alt-2-251x300.jpg 251w, https:\/\/erguntibbialetler.com.tr\/wp-content\/uploads\/2020\/02\/alt-2-630x754.jpg 630w, https:\/\/erguntibbialetler.com.tr\/wp-content\/uploads\/2020\/02\/alt-2-420x503.jpg 420w, https:\/\/erguntibbialetler.com.tr\/wp-content\/uploads\/2020\/02\/alt-2-315x377.jpg 315w\" \/>\t\t\t\t\t\t<\/a>\n<h3>\n\t\t\t<a href=\"https:\/\/erguntibbialetler.com.tr\/ekatalog\/mobile\/index.html\" title=\"E-CATALOG\" target=\"_self\">\n\tE-CATALOG\n\t\t\t<\/a>\n\t<\/h3>\n<h3>\n\tOUR DOCUMENTS\n\t<\/h3>\n\t\t\t\t\t\t\t<img loading=\"lazy\" decoding=\"async\" width=\"7414\" height=\"2302\" src=\"http:\/\/erguntibbialetler.com.tr\/wp-content\/uploads\/2020\/02\/Kurumsal-2.jpg\" alt=\"About Us\" itemprop=\"image\" title=\"About Us\" onerror=\"this.style.display='none'\"  sizes=\"auto, (max-width: 768px) 100vw, 100vw\" srcset=\"https:\/\/erguntibbialetler.com.tr\/wp-content\/uploads\/2020\/02\/Kurumsal-2.jpg 7414w, https:\/\/erguntibbialetler.com.tr\/wp-content\/uploads\/2020\/02\/Kurumsal-2-300x93.jpg 300w, https:\/\/erguntibbialetler.com.tr\/wp-content\/uploads\/2020\/02\/Kurumsal-2-768x238.jpg 768w, https:\/\/erguntibbialetler.com.tr\/wp-content\/uploads\/2020\/02\/Kurumsal-2-1024x318.jpg 1024w, https:\/\/erguntibbialetler.com.tr\/wp-content\/uploads\/2020\/02\/Kurumsal-2-1260x391.jpg 1260w, https:\/\/erguntibbialetler.com.tr\/wp-content\/uploads\/2020\/02\/Kurumsal-2-630x196.jpg 630w, https:\/\/erguntibbialetler.com.tr\/wp-content\/uploads\/2020\/02\/Kurumsal-2-420x130.jpg 420w, https:\/\/erguntibbialetler.com.tr\/wp-content\/uploads\/2020\/02\/Kurumsal-2-840x261.jpg 840w, https:\/\/erguntibbialetler.com.tr\/wp-content\/uploads\/2020\/02\/Kurumsal-2-315x98.jpg 315w\" \/>\t\t\t\t\t\t\t\n\n<\/div><!-- .vgblk-rw-wrapper -->","protected":false},"excerpt":{"rendered":"<p>Hakk\u0131m\u0131zda ERGU\u0308N T\u0131bbi Aletler San.tic.Ltd.S\u0327ti 2000 Y\u0131l\u0131nda kurulmus\u0327 olup, vu\u0308cut d\u0131s\u0327\u0131 ic\u0327in metal mal\u00ad zemelerden imal edilen cerrahi el aletleri , steril konteyner sistemleri ve aksesuarlar\u0131 ve medi\u00ad kal ekipman imalat\u0131 , tasar\u0131m, sat\u0131s\u0327 ve sat\u0131s\u0327 sonras\u0131 hizmetleri vermektedir. Mu\u0308s\u0327terilere sunulan u\u0308ru\u0308n ve hizmet kalitesinin su\u0308rekli arttr\u0131lmas\u0131 ve iyiles\u0327tirilmesi, yurt ic\u0327i ve yurt d\u0131s\u0327\u0131 d\u0131s\u0327\u0131ndaki&#8230;<\/p>","protected":false},"author":1,"featured_media":0,"parent":0,"menu_order":0,"comment_status":"closed","ping_status":"closed","template":"","meta":{"inline_featured_image":false,"footnotes":""},"class_list":["post-18394","page","type-page","status-publish","hentry"],"yoast_head":"<!-- This site is optimized with the Yoast SEO plugin v26.4 - https:\/\/yoast.com\/wordpress\/plugins\/seo\/ -->\n<title>Anasayfa - Erg\u00fcn T\u0131bbi Aletler<\/title>\n<meta name=\"robots\" content=\"index, follow, max-snippet:-1, max-image-preview:large, max-video-preview:-1\" \/>\n<link rel=\"canonical\" href=\"https:\/\/erguntibbialetler.com.tr\/en\/\" \/>\n<meta property=\"og:locale\" content=\"en_US\" \/>\n<meta property=\"og:type\" content=\"article\" \/>\n<meta property=\"og:title\" content=\"Anasayfa - Erg\u00fcn T\u0131bbi Aletler\" \/>\n<meta property=\"og:description\" content=\"Hakk\u0131m\u0131zda ERGU\u0308N T\u0131bbi Aletler San.tic.Ltd.S\u0327ti 2000 Y\u0131l\u0131nda kurulmus\u0327 olup, vu\u0308cut d\u0131s\u0327\u0131 ic\u0327in metal mal\u00ad zemelerden imal edilen cerrahi el aletleri , steril konteyner sistemleri ve aksesuarlar\u0131 ve medi\u00ad kal ekipman imalat\u0131 , tasar\u0131m, sat\u0131s\u0327 ve sat\u0131s\u0327 sonras\u0131 hizmetleri vermektedir. Mu\u0308s\u0327terilere sunulan u\u0308ru\u0308n ve hizmet kalitesinin su\u0308rekli arttr\u0131lmas\u0131 ve iyiles\u0327tirilmesi, yurt ic\u0327i ve yurt d\u0131s\u0327\u0131 d\u0131s\u0327\u0131ndaki...\" \/>\n<meta property=\"og:url\" content=\"https:\/\/erguntibbialetler.com.tr\/en\/\" \/>\n<meta property=\"og:site_name\" content=\"Erg\u00fcn T\u0131bbi Aletler\" \/>\n<meta property=\"article:modified_time\" content=\"2025-04-29T19:42:18+00:00\" \/>\n<meta property=\"og:image\" content=\"http:\/\/erguntibbialetler.com.tr\/wp-content\/uploads\/2020\/02\/Kurumsal-3.jpg\" \/>\n<meta name=\"twitter:card\" content=\"summary_large_image\" \/>\n<meta name=\"twitter:label1\" content=\"Est. reading time\" \/>\n\t<meta name=\"twitter:data1\" content=\"3 minutes\" \/>\n<script type=\"application\/ld+json\" class=\"yoast-schema-graph\">{\"@context\":\"https:\/\/schema.org\",\"@graph\":[{\"@type\":\"WebPage\",\"@id\":\"https:\/\/erguntibbialetler.com.tr\/\",\"url\":\"https:\/\/erguntibbialetler.com.tr\/\",\"name\":\"Anasayfa - Erg\u00fcn T\u0131bbi Aletler\",\"isPartOf\":{\"@id\":\"https:\/\/erguntibbialetler.com.tr\/#website\"},\"primaryImageOfPage\":{\"@id\":\"https:\/\/erguntibbialetler.com.tr\/#primaryimage\"},\"image\":{\"@id\":\"https:\/\/erguntibbialetler.com.tr\/#primaryimage\"},\"thumbnailUrl\":\"http:\/\/erguntibbialetler.com.tr\/wp-content\/uploads\/2020\/02\/Kurumsal-3.jpg\",\"datePublished\":\"2019-09-29T21:20:53+00:00\",\"dateModified\":\"2025-04-29T19:42:18+00:00\",\"breadcrumb\":{\"@id\":\"https:\/\/erguntibbialetler.com.tr\/#breadcrumb\"},\"inLanguage\":\"en-US\",\"potentialAction\":[{\"@type\":\"ReadAction\",\"target\":[\"https:\/\/erguntibbialetler.com.tr\/\"]}]},{\"@type\":\"ImageObject\",\"inLanguage\":\"en-US\",\"@id\":\"https:\/\/erguntibbialetler.com.tr\/#primaryimage\",\"url\":\"http:\/\/erguntibbialetler.com.tr\/wp-content\/uploads\/2020\/02\/Kurumsal-3.jpg\",\"contentUrl\":\"http:\/\/erguntibbialetler.com.tr\/wp-content\/uploads\/2020\/02\/Kurumsal-3.jpg\"},{\"@type\":\"BreadcrumbList\",\"@id\":\"https:\/\/erguntibbialetler.com.tr\/#breadcrumb\",\"itemListElement\":[{\"@type\":\"ListItem\",\"position\":1,\"name\":\"Ana sayfa\",\"item\":\"https:\/\/erguntibbialetler.com.tr\/\"},{\"@type\":\"ListItem\",\"position\":2,\"name\":\"Anasayfa\"}]},{\"@type\":\"WebSite\",\"@id\":\"https:\/\/erguntibbialetler.com.tr\/#website\",\"url\":\"https:\/\/erguntibbialetler.com.tr\/\",\"name\":\"Erg\u00fcn T\u0131bbi Aletler\",\"description\":\"\",\"publisher\":{\"@id\":\"https:\/\/erguntibbialetler.com.tr\/#organization\"},\"potentialAction\":[{\"@type\":\"SearchAction\",\"target\":{\"@type\":\"EntryPoint\",\"urlTemplate\":\"https:\/\/erguntibbialetler.com.tr\/?s={search_term_string}\"},\"query-input\":{\"@type\":\"PropertyValueSpecification\",\"valueRequired\":true,\"valueName\":\"search_term_string\"}}],\"inLanguage\":\"en-US\"},{\"@type\":\"Organization\",\"@id\":\"https:\/\/erguntibbialetler.com.tr\/#organization\",\"name\":\"Erg\u00fcn T\u0131bbi Aletler\",\"url\":\"https:\/\/erguntibbialetler.com.tr\/\",\"logo\":{\"@type\":\"ImageObject\",\"inLanguage\":\"en-US\",\"@id\":\"https:\/\/erguntibbialetler.com.tr\/#\/schema\/logo\/image\/\",\"url\":\"https:\/\/erguntibbialetler.com.tr\/wp-content\/uploads\/2020\/01\/logo.png\",\"contentUrl\":\"https:\/\/erguntibbialetler.com.tr\/wp-content\/uploads\/2020\/01\/logo.png\",\"width\":600,\"height\":125,\"caption\":\"Erg\u00fcn T\u0131bbi Aletler\"},\"image\":{\"@id\":\"https:\/\/erguntibbialetler.com.tr\/#\/schema\/logo\/image\/\"}}]}<\/script>\n<!-- \/ Yoast SEO plugin. -->","yoast_head_json":{"title":"Anasayfa - Erg\u00fcn T\u0131bbi Aletler","robots":{"index":"index","follow":"follow","max-snippet":"max-snippet:-1","max-image-preview":"max-image-preview:large","max-video-preview":"max-video-preview:-1"},"canonical":"https:\/\/erguntibbialetler.com.tr\/en\/","og_locale":"en_US","og_type":"article","og_title":"Anasayfa - Erg\u00fcn T\u0131bbi Aletler","og_description":"Hakk\u0131m\u0131zda ERGU\u0308N T\u0131bbi Aletler San.tic.Ltd.S\u0327ti 2000 Y\u0131l\u0131nda kurulmus\u0327 olup, vu\u0308cut d\u0131s\u0327\u0131 ic\u0327in metal mal\u00ad zemelerden imal edilen cerrahi el aletleri , steril konteyner sistemleri ve aksesuarlar\u0131 ve medi\u00ad kal ekipman imalat\u0131 , tasar\u0131m, sat\u0131s\u0327 ve sat\u0131s\u0327 sonras\u0131 hizmetleri vermektedir. Mu\u0308s\u0327terilere sunulan u\u0308ru\u0308n ve hizmet kalitesinin su\u0308rekli arttr\u0131lmas\u0131 ve iyiles\u0327tirilmesi, yurt ic\u0327i ve yurt d\u0131s\u0327\u0131 d\u0131s\u0327\u0131ndaki...","og_url":"https:\/\/erguntibbialetler.com.tr\/en\/","og_site_name":"Erg\u00fcn T\u0131bbi Aletler","article_modified_time":"2025-04-29T19:42:18+00:00","og_image":[{"url":"http:\/\/erguntibbialetler.com.tr\/wp-content\/uploads\/2020\/02\/Kurumsal-3.jpg","type":"","width":"","height":""}],"twitter_card":"summary_large_image","twitter_misc":{"Est. reading time":"3 minutes"},"schema":{"@context":"https:\/\/schema.org","@graph":[{"@type":"WebPage","@id":"https:\/\/erguntibbialetler.com.tr\/","url":"https:\/\/erguntibbialetler.com.tr\/","name":"Anasayfa - Erg\u00fcn T\u0131bbi Aletler","isPartOf":{"@id":"https:\/\/erguntibbialetler.com.tr\/#website"},"primaryImageOfPage":{"@id":"https:\/\/erguntibbialetler.com.tr\/#primaryimage"},"image":{"@id":"https:\/\/erguntibbialetler.com.tr\/#primaryimage"},"thumbnailUrl":"http:\/\/erguntibbialetler.com.tr\/wp-content\/uploads\/2020\/02\/Kurumsal-3.jpg","datePublished":"2019-09-29T21:20:53+00:00","dateModified":"2025-04-29T19:42:18+00:00","breadcrumb":{"@id":"https:\/\/erguntibbialetler.com.tr\/#breadcrumb"},"inLanguage":"en-US","potentialAction":[{"@type":"ReadAction","target":["https:\/\/erguntibbialetler.com.tr\/"]}]},{"@type":"ImageObject","inLanguage":"en-US","@id":"https:\/\/erguntibbialetler.com.tr\/#primaryimage","url":"http:\/\/erguntibbialetler.com.tr\/wp-content\/uploads\/2020\/02\/Kurumsal-3.jpg","contentUrl":"http:\/\/erguntibbialetler.com.tr\/wp-content\/uploads\/2020\/02\/Kurumsal-3.jpg"},{"@type":"BreadcrumbList","@id":"https:\/\/erguntibbialetler.com.tr\/#breadcrumb","itemListElement":[{"@type":"ListItem","position":1,"name":"Ana sayfa","item":"https:\/\/erguntibbialetler.com.tr\/"},{"@type":"ListItem","position":2,"name":"Anasayfa"}]},{"@type":"WebSite","@id":"https:\/\/erguntibbialetler.com.tr\/#website","url":"https:\/\/erguntibbialetler.com.tr\/","name":"Erg\u00fcn T\u0131bbi Aletler","description":"","publisher":{"@id":"https:\/\/erguntibbialetler.com.tr\/#organization"},"potentialAction":[{"@type":"SearchAction","target":{"@type":"EntryPoint","urlTemplate":"https:\/\/erguntibbialetler.com.tr\/?s={search_term_string}"},"query-input":{"@type":"PropertyValueSpecification","valueRequired":true,"valueName":"search_term_string"}}],"inLanguage":"en-US"},{"@type":"Organization","@id":"https:\/\/erguntibbialetler.com.tr\/#organization","name":"Erg\u00fcn T\u0131bbi Aletler","url":"https:\/\/erguntibbialetler.com.tr\/","logo":{"@type":"ImageObject","inLanguage":"en-US","@id":"https:\/\/erguntibbialetler.com.tr\/#\/schema\/logo\/image\/","url":"https:\/\/erguntibbialetler.com.tr\/wp-content\/uploads\/2020\/01\/logo.png","contentUrl":"https:\/\/erguntibbialetler.com.tr\/wp-content\/uploads\/2020\/01\/logo.png","width":600,"height":125,"caption":"Erg\u00fcn T\u0131bbi Aletler"},"image":{"@id":"https:\/\/erguntibbialetler.com.tr\/#\/schema\/logo\/image\/"}}]}},"_links":{"self":[{"href":"https:\/\/erguntibbialetler.com.tr\/en\/wp-json\/wp\/v2\/pages\/18394","targetHints":{"allow":["GET"]}}],"collection":[{"href":"https:\/\/erguntibbialetler.com.tr\/en\/wp-json\/wp\/v2\/pages"}],"about":[{"href":"https:\/\/erguntibbialetler.com.tr\/en\/wp-json\/wp\/v2\/types\/page"}],"author":[{"embeddable":true,"href":"https:\/\/erguntibbialetler.com.tr\/en\/wp-json\/wp\/v2\/users\/1"}],"replies":[{"embeddable":true,"href":"https:\/\/erguntibbialetler.com.tr\/en\/wp-json\/wp\/v2\/comments?post=18394"}],"version-history":[{"count":20,"href":"https:\/\/erguntibbialetler.com.tr\/en\/wp-json\/wp\/v2\/pages\/18394\/revisions"}],"predecessor-version":[{"id":18857,"href":"https:\/\/erguntibbialetler.com.tr\/en\/wp-json\/wp\/v2\/pages\/18394\/revisions\/18857"}],"wp:attachment":[{"href":"https:\/\/erguntibbialetler.com.tr\/en\/wp-json\/wp\/v2\/media?parent=18394"}],"curies":[{"name":"wp","href":"https:\/\/api.w.org\/{rel}","templated":true}]}}