{"id":18355,"date":"2019-09-01T20:29:19","date_gmt":"2019-09-01T17:29:19","guid":{"rendered":"http:\/\/erguntibbialetler.com.tr\/?page_id=17051"},"modified":"2020-02-17T22:03:09","modified_gmt":"2020-02-17T19:03:09","slug":"kurumsal","status":"publish","type":"page","link":"https:\/\/erguntibbialetler.com.tr\/en\/kurumsal\/","title":{"rendered":"About Us"},"content":{"rendered":"<div class=\"vgblk-rw-wrapper limit-wrapper\">\n<p>ERG\u00dcN T\u0131bbi Aletler San.tic.Ltd.\u015eti was established in 2000 and provides manufacturing, design, sales and after-sales services of surgical hand tools, sterile container systems and accessories and medi kal equipment made of metal goods for external body.<\/p>\n<p>It continues its activities with the aim of continuously increasing and improving the quality of products and services offered to customers and increasing its sales share in domestic and foreign markets.<\/p>\n<p>ERGU\u0308N T\u0131bbi Aletler San.tic.Ltd.S\u0327ti&#8217; Genel Cerrahi, Plastik Cerrahi, Beyin Cerrahi, u\u0308ro\u00ad loji, Kalp-Damar Cerrahi, Ortopedi, endoskopik Cerrahi, Go\u0308z ve Mikro Cerrahi, K.B.B brans\u0327la\u00ad r\u0131nda cerrahi alet u\u0308retimi, Steril Konteyn\u0131r Sistemlerinin sat\u0131s\u0327 ve pazarlamas\u0131 ile talebe go\u0308re kis\u0327iye o\u0308zel (o\u0308zel u\u0308retim) alet u\u0308retimi gerc\u0327ekles\u0327tirmektedir.<\/p>\n<p>Our company is manufactured in accordance with CE directives, the raw materials of all manufactured surgical instruments are of German and French origin, and our products are shaped with 100% Turkish workmanship.<\/p>\n<p>With the confidence we have in our high quality of workmanship, our company has undertaken an important task to repair and maintain surgical hand tools in order to protect our national wealth. Service, maintenance and repair, which are the most important problems of the surgical instruments sector, are trying to solve the fastest, highest and highest quality level.<\/p>\n\t\t\t\t<img loading=\"lazy\" decoding=\"async\" src=\"http:\/\/erguntibbialetler.com.tr\/wp-content\/uploads\/2020\/02\/Kurumsal-3.jpg\" alt=\"About Us\" itemprop=\"image\" height=\"2692\" width=\"3826\" title=\"About Us\" onerror=\"this.style.display='none'\"  \/>\n<h3>\n\tKalite Politikam\u0131z\n\t<\/h3>\n\t\t\t\t<img loading=\"lazy\" decoding=\"async\" src=\"http:\/\/erguntibbialetler.com.tr\/wp-content\/uploads\/2020\/02\/Kurumsal-1.jpg\" alt=\"About Us\" itemprop=\"image\" height=\"4733\" width=\"3253\" title=\"About Us\" onerror=\"this.style.display='none'\"  \/>\n<h3>\n\tBelgelerimiz\n\t<\/h3>\n\t\t\t\t<img loading=\"lazy\" decoding=\"async\" src=\"http:\/\/erguntibbialetler.com.tr\/wp-content\/uploads\/2020\/02\/Kurumsal-2.jpg\" alt=\"About Us\" itemprop=\"image\" height=\"2302\" width=\"7414\" title=\"About Us\" onerror=\"this.style.display='none'\"  \/>\n<\/div><!-- .vgblk-rw-wrapper -->","protected":false},"excerpt":{"rendered":"<p>ERGU\u0308N T\u0131bbi Aletler San.tic.Ltd.S\u0327ti 2000 Y\u0131l\u0131nda kurulmus\u0327 olup, vu\u0308cut d\u0131s\u0327\u0131 ic\u0327in metal mal\u00ad zemelerden imal edilen cerrahi el aletleri , steril konteyner sistemleri ve aksesuarlar\u0131 ve medi\u00ad kal ekipman imalat\u0131 , tasar\u0131m, sat\u0131s\u0327 ve sat\u0131s\u0327 sonras\u0131 hizmetleri vermektedir. Mu\u0308s\u0327terilere sunulan u\u0308ru\u0308n ve hizmet kalitesinin su\u0308rekli arttr\u0131lmas\u0131 ve iyiles\u0327tirilmesi, yurt ic\u0327i ve yurt d\u0131s\u0327\u0131 d\u0131s\u0327\u0131ndaki pazarlarda&#8230;<\/p>","protected":false},"author":1,"featured_media":0,"parent":0,"menu_order":0,"comment_status":"closed","ping_status":"closed","template":"","meta":{"inline_featured_image":false,"footnotes":""},"class_list":["post-18355","page","type-page","status-publish","hentry"],"yoast_head":"<!-- This site is optimized with the Yoast SEO plugin v26.4 - https:\/\/yoast.com\/wordpress\/plugins\/seo\/ -->\n<title>Kurumsal - Erg\u00fcn T\u0131bbi Aletler<\/title>\n<meta name=\"robots\" content=\"index, follow, max-snippet:-1, max-image-preview:large, max-video-preview:-1\" \/>\n<link rel=\"canonical\" href=\"https:\/\/erguntibbialetler.com.tr\/en\/kurumsal\/\" \/>\n<meta property=\"og:locale\" content=\"en_US\" \/>\n<meta property=\"og:type\" content=\"article\" \/>\n<meta property=\"og:title\" content=\"Kurumsal - Erg\u00fcn T\u0131bbi Aletler\" \/>\n<meta property=\"og:description\" content=\"ERGU\u0308N T\u0131bbi Aletler San.tic.Ltd.S\u0327ti 2000 Y\u0131l\u0131nda kurulmus\u0327 olup, vu\u0308cut d\u0131s\u0327\u0131 ic\u0327in metal mal\u00ad zemelerden imal edilen cerrahi el aletleri , steril konteyner sistemleri ve aksesuarlar\u0131 ve medi\u00ad kal ekipman imalat\u0131 , tasar\u0131m, sat\u0131s\u0327 ve sat\u0131s\u0327 sonras\u0131 hizmetleri vermektedir. Mu\u0308s\u0327terilere sunulan u\u0308ru\u0308n ve hizmet kalitesinin su\u0308rekli arttr\u0131lmas\u0131 ve iyiles\u0327tirilmesi, yurt ic\u0327i ve yurt d\u0131s\u0327\u0131 d\u0131s\u0327\u0131ndaki pazarlarda...\" \/>\n<meta property=\"og:url\" content=\"https:\/\/erguntibbialetler.com.tr\/en\/kurumsal\/\" \/>\n<meta property=\"og:site_name\" content=\"Erg\u00fcn T\u0131bbi Aletler\" \/>\n<meta property=\"article:modified_time\" content=\"2020-02-17T19:03:09+00:00\" \/>\n<meta property=\"og:image\" content=\"http:\/\/erguntibbialetler.com.tr\/wp-content\/uploads\/2020\/02\/Kurumsal-3.jpg\" \/>\n<meta name=\"twitter:card\" content=\"summary_large_image\" \/>\n<meta name=\"twitter:label1\" content=\"Est. reading time\" \/>\n\t<meta name=\"twitter:data1\" content=\"1 minute\" \/>\n<script type=\"application\/ld+json\" class=\"yoast-schema-graph\">{\"@context\":\"https:\/\/schema.org\",\"@graph\":[{\"@type\":\"WebPage\",\"@id\":\"https:\/\/erguntibbialetler.com.tr\/kurumsal\/\",\"url\":\"https:\/\/erguntibbialetler.com.tr\/kurumsal\/\",\"name\":\"Kurumsal - Erg\u00fcn T\u0131bbi Aletler\",\"isPartOf\":{\"@id\":\"https:\/\/erguntibbialetler.com.tr\/#website\"},\"primaryImageOfPage\":{\"@id\":\"https:\/\/erguntibbialetler.com.tr\/kurumsal\/#primaryimage\"},\"image\":{\"@id\":\"https:\/\/erguntibbialetler.com.tr\/kurumsal\/#primaryimage\"},\"thumbnailUrl\":\"http:\/\/erguntibbialetler.com.tr\/wp-content\/uploads\/2020\/02\/Kurumsal-3.jpg\",\"datePublished\":\"2019-09-01T17:29:19+00:00\",\"dateModified\":\"2020-02-17T19:03:09+00:00\",\"breadcrumb\":{\"@id\":\"https:\/\/erguntibbialetler.com.tr\/kurumsal\/#breadcrumb\"},\"inLanguage\":\"en-US\",\"potentialAction\":[{\"@type\":\"ReadAction\",\"target\":[\"https:\/\/erguntibbialetler.com.tr\/kurumsal\/\"]}]},{\"@type\":\"ImageObject\",\"inLanguage\":\"en-US\",\"@id\":\"https:\/\/erguntibbialetler.com.tr\/kurumsal\/#primaryimage\",\"url\":\"http:\/\/erguntibbialetler.com.tr\/wp-content\/uploads\/2020\/02\/Kurumsal-3.jpg\",\"contentUrl\":\"http:\/\/erguntibbialetler.com.tr\/wp-content\/uploads\/2020\/02\/Kurumsal-3.jpg\"},{\"@type\":\"BreadcrumbList\",\"@id\":\"https:\/\/erguntibbialetler.com.tr\/kurumsal\/#breadcrumb\",\"itemListElement\":[{\"@type\":\"ListItem\",\"position\":1,\"name\":\"Ana sayfa\",\"item\":\"https:\/\/erguntibbialetler.com.tr\/\"},{\"@type\":\"ListItem\",\"position\":2,\"name\":\"Kurumsal\"}]},{\"@type\":\"WebSite\",\"@id\":\"https:\/\/erguntibbialetler.com.tr\/#website\",\"url\":\"https:\/\/erguntibbialetler.com.tr\/\",\"name\":\"Erg\u00fcn T\u0131bbi Aletler\",\"description\":\"\",\"publisher\":{\"@id\":\"https:\/\/erguntibbialetler.com.tr\/#organization\"},\"potentialAction\":[{\"@type\":\"SearchAction\",\"target\":{\"@type\":\"EntryPoint\",\"urlTemplate\":\"https:\/\/erguntibbialetler.com.tr\/?s={search_term_string}\"},\"query-input\":{\"@type\":\"PropertyValueSpecification\",\"valueRequired\":true,\"valueName\":\"search_term_string\"}}],\"inLanguage\":\"en-US\"},{\"@type\":\"Organization\",\"@id\":\"https:\/\/erguntibbialetler.com.tr\/#organization\",\"name\":\"Erg\u00fcn T\u0131bbi Aletler\",\"url\":\"https:\/\/erguntibbialetler.com.tr\/\",\"logo\":{\"@type\":\"ImageObject\",\"inLanguage\":\"en-US\",\"@id\":\"https:\/\/erguntibbialetler.com.tr\/#\/schema\/logo\/image\/\",\"url\":\"https:\/\/erguntibbialetler.com.tr\/wp-content\/uploads\/2020\/01\/logo.png\",\"contentUrl\":\"https:\/\/erguntibbialetler.com.tr\/wp-content\/uploads\/2020\/01\/logo.png\",\"width\":600,\"height\":125,\"caption\":\"Erg\u00fcn T\u0131bbi Aletler\"},\"image\":{\"@id\":\"https:\/\/erguntibbialetler.com.tr\/#\/schema\/logo\/image\/\"}}]}<\/script>\n<!-- \/ Yoast SEO plugin. -->","yoast_head_json":{"title":"Kurumsal - Erg\u00fcn T\u0131bbi Aletler","robots":{"index":"index","follow":"follow","max-snippet":"max-snippet:-1","max-image-preview":"max-image-preview:large","max-video-preview":"max-video-preview:-1"},"canonical":"https:\/\/erguntibbialetler.com.tr\/en\/kurumsal\/","og_locale":"en_US","og_type":"article","og_title":"Kurumsal - Erg\u00fcn T\u0131bbi Aletler","og_description":"ERGU\u0308N T\u0131bbi Aletler San.tic.Ltd.S\u0327ti 2000 Y\u0131l\u0131nda kurulmus\u0327 olup, vu\u0308cut d\u0131s\u0327\u0131 ic\u0327in metal mal\u00ad zemelerden imal edilen cerrahi el aletleri , steril konteyner sistemleri ve aksesuarlar\u0131 ve medi\u00ad kal ekipman imalat\u0131 , tasar\u0131m, sat\u0131s\u0327 ve sat\u0131s\u0327 sonras\u0131 hizmetleri vermektedir. Mu\u0308s\u0327terilere sunulan u\u0308ru\u0308n ve hizmet kalitesinin su\u0308rekli arttr\u0131lmas\u0131 ve iyiles\u0327tirilmesi, yurt ic\u0327i ve yurt d\u0131s\u0327\u0131 d\u0131s\u0327\u0131ndaki pazarlarda...","og_url":"https:\/\/erguntibbialetler.com.tr\/en\/kurumsal\/","og_site_name":"Erg\u00fcn T\u0131bbi Aletler","article_modified_time":"2020-02-17T19:03:09+00:00","og_image":[{"url":"http:\/\/erguntibbialetler.com.tr\/wp-content\/uploads\/2020\/02\/Kurumsal-3.jpg","type":"","width":"","height":""}],"twitter_card":"summary_large_image","twitter_misc":{"Est. reading time":"1 minute"},"schema":{"@context":"https:\/\/schema.org","@graph":[{"@type":"WebPage","@id":"https:\/\/erguntibbialetler.com.tr\/kurumsal\/","url":"https:\/\/erguntibbialetler.com.tr\/kurumsal\/","name":"Kurumsal - Erg\u00fcn T\u0131bbi Aletler","isPartOf":{"@id":"https:\/\/erguntibbialetler.com.tr\/#website"},"primaryImageOfPage":{"@id":"https:\/\/erguntibbialetler.com.tr\/kurumsal\/#primaryimage"},"image":{"@id":"https:\/\/erguntibbialetler.com.tr\/kurumsal\/#primaryimage"},"thumbnailUrl":"http:\/\/erguntibbialetler.com.tr\/wp-content\/uploads\/2020\/02\/Kurumsal-3.jpg","datePublished":"2019-09-01T17:29:19+00:00","dateModified":"2020-02-17T19:03:09+00:00","breadcrumb":{"@id":"https:\/\/erguntibbialetler.com.tr\/kurumsal\/#breadcrumb"},"inLanguage":"en-US","potentialAction":[{"@type":"ReadAction","target":["https:\/\/erguntibbialetler.com.tr\/kurumsal\/"]}]},{"@type":"ImageObject","inLanguage":"en-US","@id":"https:\/\/erguntibbialetler.com.tr\/kurumsal\/#primaryimage","url":"http:\/\/erguntibbialetler.com.tr\/wp-content\/uploads\/2020\/02\/Kurumsal-3.jpg","contentUrl":"http:\/\/erguntibbialetler.com.tr\/wp-content\/uploads\/2020\/02\/Kurumsal-3.jpg"},{"@type":"BreadcrumbList","@id":"https:\/\/erguntibbialetler.com.tr\/kurumsal\/#breadcrumb","itemListElement":[{"@type":"ListItem","position":1,"name":"Ana sayfa","item":"https:\/\/erguntibbialetler.com.tr\/"},{"@type":"ListItem","position":2,"name":"Kurumsal"}]},{"@type":"WebSite","@id":"https:\/\/erguntibbialetler.com.tr\/#website","url":"https:\/\/erguntibbialetler.com.tr\/","name":"Erg\u00fcn T\u0131bbi Aletler","description":"","publisher":{"@id":"https:\/\/erguntibbialetler.com.tr\/#organization"},"potentialAction":[{"@type":"SearchAction","target":{"@type":"EntryPoint","urlTemplate":"https:\/\/erguntibbialetler.com.tr\/?s={search_term_string}"},"query-input":{"@type":"PropertyValueSpecification","valueRequired":true,"valueName":"search_term_string"}}],"inLanguage":"en-US"},{"@type":"Organization","@id":"https:\/\/erguntibbialetler.com.tr\/#organization","name":"Erg\u00fcn T\u0131bbi Aletler","url":"https:\/\/erguntibbialetler.com.tr\/","logo":{"@type":"ImageObject","inLanguage":"en-US","@id":"https:\/\/erguntibbialetler.com.tr\/#\/schema\/logo\/image\/","url":"https:\/\/erguntibbialetler.com.tr\/wp-content\/uploads\/2020\/01\/logo.png","contentUrl":"https:\/\/erguntibbialetler.com.tr\/wp-content\/uploads\/2020\/01\/logo.png","width":600,"height":125,"caption":"Erg\u00fcn T\u0131bbi Aletler"},"image":{"@id":"https:\/\/erguntibbialetler.com.tr\/#\/schema\/logo\/image\/"}}]}},"_links":{"self":[{"href":"https:\/\/erguntibbialetler.com.tr\/en\/wp-json\/wp\/v2\/pages\/18355","targetHints":{"allow":["GET"]}}],"collection":[{"href":"https:\/\/erguntibbialetler.com.tr\/en\/wp-json\/wp\/v2\/pages"}],"about":[{"href":"https:\/\/erguntibbialetler.com.tr\/en\/wp-json\/wp\/v2\/types\/page"}],"author":[{"embeddable":true,"href":"https:\/\/erguntibbialetler.com.tr\/en\/wp-json\/wp\/v2\/users\/1"}],"replies":[{"embeddable":true,"href":"https:\/\/erguntibbialetler.com.tr\/en\/wp-json\/wp\/v2\/comments?post=18355"}],"version-history":[{"count":3,"href":"https:\/\/erguntibbialetler.com.tr\/en\/wp-json\/wp\/v2\/pages\/18355\/revisions"}],"predecessor-version":[{"id":18627,"href":"https:\/\/erguntibbialetler.com.tr\/en\/wp-json\/wp\/v2\/pages\/18355\/revisions\/18627"}],"wp:attachment":[{"href":"https:\/\/erguntibbialetler.com.tr\/en\/wp-json\/wp\/v2\/media?parent=18355"}],"curies":[{"name":"wp","href":"https:\/\/api.w.org\/{rel}","templated":true}]}}